{"id":34,"date":"2023-02-27T14:14:11","date_gmt":"2023-02-27T13:14:11","guid":{"rendered":"http:\/\/ariatango.com\/?page_id=34"},"modified":"2026-03-18T08:47:54","modified_gmt":"2026-03-18T07:47:54","slug":"accueil","status":"publish","type":"page","link":"https:\/\/ariatango.com\/","title":{"rendered":"STAGES de TANGO"},"content":{"rendered":"\n<div class=\"wp-block-uagb-container uagb-block-a1f42cfe alignfull uagb-is-root-container\">\n<div class=\"wp-block-uagb-container uagb-block-b06089fd\">\n<div class=\"wp-block-stackable-call-to-action stk-block-call-to-action stk-block stk-fc4a058 is-style-default\" data-v=\"2\" data-block-id=\"fc4a058\"><style>.stk-fc4a058 {align-items:flex-start !important;display:flex !important;}<\/style><div class=\"stk-block-call-to-action__content stk-content-align stk-fc4a058-column stk-container stk-fc4a058-container stk-hover-parent\"><div class=\"has-text-align-center stk-block-content stk-inner-blocks stk-fc4a058-inner-blocks\">\n<div class=\"wp-block-stackable-heading stk-block-heading stk-block-heading--v2 stk-block stk-ced8986\" id=\"week-end-br-au-pays-duzes\" data-block-id=\"ced8986\"><style>.stk-ced8986 .stk-block-heading__text{color:#0f0e17 !important;}<\/style><h3 class=\"stk-block-heading__text has-text-color\">WEEK-END<br>AU PAYS D&rsquo;UZ\u00c8S<\/h3><\/div>\n\n\n\n<div class=\"wp-block-stackable-heading stk-block-heading stk-block-heading--v2 stk-block stk-9b0a5c6\" id=\"strong-stage-du-12-au-14-juin-2026-strong\" data-block-id=\"9b0a5c6\"><h3 class=\"stk-block-heading__text\"><strong>Stage du 12 au 14 juin 2026<\/strong><\/h3><\/div>\n\n\n\n<p>avec F\u00e9d\u00e9rico Rodriguez Moreno<br>et Catherine Boucher<\/p>\n\n\n\n<figure class=\"wp-block-image size-full has-lightbox\"><img data-recalc-dims=\"1\" loading=\"lazy\" decoding=\"async\" width=\"656\" height=\"928\" src=\"https:\/\/i0.wp.com\/ariatango.com\/wp-content\/uploads\/2026\/03\/FLYER_STAGES-UZES-2026P.jpg?resize=656%2C928&#038;ssl=1\" alt=\"\" class=\"wp-image-1105\" srcset=\"https:\/\/i0.wp.com\/ariatango.com\/wp-content\/uploads\/2026\/03\/FLYER_STAGES-UZES-2026P.jpg?w=1240&amp;ssl=1 1240w, https:\/\/i0.wp.com\/ariatango.com\/wp-content\/uploads\/2026\/03\/FLYER_STAGES-UZES-2026P.jpg?resize=212%2C300&amp;ssl=1 212w, https:\/\/i0.wp.com\/ariatango.com\/wp-content\/uploads\/2026\/03\/FLYER_STAGES-UZES-2026P.jpg?resize=724%2C1024&amp;ssl=1 724w, https:\/\/i0.wp.com\/ariatango.com\/wp-content\/uploads\/2026\/03\/FLYER_STAGES-UZES-2026P.jpg?resize=768%2C1086&amp;ssl=1 768w, https:\/\/i0.wp.com\/ariatango.com\/wp-content\/uploads\/2026\/03\/FLYER_STAGES-UZES-2026P.jpg?resize=1086%2C1536&amp;ssl=1 1086w\" sizes=\"auto, (max-width: 656px) 100vw, 656px\" \/><\/figure>\n\n\n\n<div style=\"height:50px\" aria-hidden=\"true\" class=\"wp-block-spacer\"><\/div>\n\n\n\n<div class=\"wp-block-stackable-button-group stk-block-button-group stk-block stk-d1c77a1\" data-block-id=\"d1c77a1\"><div class=\"stk-row stk-inner-blocks stk-block-content stk-button-group\">\n<div class=\"wp-block-stackable-button stk-block-button stk-block stk-f5842bc\" data-block-id=\"f5842bc\"><style>.stk-f5842bc , .stk-f5842bc .stk-button{width:100% !important;}.stk-f5842bc {flex:1 0 var(--stk-button-group-flex-wrap, 0) !important;}.stk-f5842bc .stk-button{background:#f08f00 !important;border-top-left-radius:var(--stk--preset--border-radius--full, 9999px) !important;border-top-right-radius:var(--stk--preset--border-radius--full, 9999px) !important;border-bottom-right-radius:var(--stk--preset--border-radius--full, 9999px) !important;border-bottom-left-radius:var(--stk--preset--border-radius--full, 9999px) !important;}<\/style><a class=\"stk-link stk-button stk--hover-effect-scale-more\" href=\"https:\/\/ariatango.com\/index.php\/week-end-au-pays-duzes\/\" target=\"_blank\" rel=\"noreferrer noopener\"><span class=\"stk-button__inner-text\">Infos<\/span><\/a><\/div>\n<\/div><\/div>\n<\/div><\/div><\/div>\n<\/div>\n\n\n\n<div class=\"wp-block-uagb-container uagb-block-8f69cedc\">\n<div class=\"wp-block-stackable-call-to-action stk-block-call-to-action stk-block stk-a81b420 is-style-default\" data-v=\"2\" data-block-id=\"a81b420\"><style>.stk-a81b420 {align-items:flex-start !important;display:flex !important;}<\/style><div class=\"stk-block-call-to-action__content stk-content-align stk-a81b420-column stk-container stk-a81b420-container stk-hover-parent\"><div class=\"has-text-align-center stk-block-content stk-inner-blocks stk-a81b420-inner-blocks\">\n<div class=\"wp-block-stackable-heading stk-block-heading stk-block-heading--v2 stk-block stk-ae4dabb\" id=\"semaine-br-a-anduze\" data-block-id=\"ae4dabb\"><style>.stk-ae4dabb .stk-block-heading__text{color:#0f0e17 !important;}<\/style><h3 class=\"stk-block-heading__text has-text-color\">SEMAINE<br>\u00c0 ANDUZE<\/h3><\/div>\n\n\n\n<div class=\"wp-block-stackable-heading stk-block-heading stk-block-heading--v2 stk-block stk-8ecefa0\" id=\"strong-stage-du-12-au-17-juillet-2026-strong\" data-block-id=\"8ecefa0\"><h3 class=\"stk-block-heading__text\"><strong>Stage du 12 au 17 juillet 2026<\/strong><\/h3><\/div>\n\n\n\n<p>avec Jean S\u00e9bastien Rampazzi<br>et Catherine Boucher<\/p>\n\n\n\n<figure class=\"wp-block-image size-large has-lightbox\"><img data-recalc-dims=\"1\" loading=\"lazy\" decoding=\"async\" width=\"656\" height=\"928\" src=\"https:\/\/i0.wp.com\/ariatango.com\/wp-content\/uploads\/2026\/01\/STAGES-ANDUZE-2026_recto-1.jpg?resize=656%2C928&#038;ssl=1\" alt=\"\" class=\"wp-image-545\" srcset=\"https:\/\/i0.wp.com\/ariatango.com\/wp-content\/uploads\/2026\/01\/STAGES-ANDUZE-2026_recto-1-scaled.jpg?resize=724%2C1024&amp;ssl=1 724w, https:\/\/i0.wp.com\/ariatango.com\/wp-content\/uploads\/2026\/01\/STAGES-ANDUZE-2026_recto-1-scaled.jpg?resize=212%2C300&amp;ssl=1 212w, https:\/\/i0.wp.com\/ariatango.com\/wp-content\/uploads\/2026\/01\/STAGES-ANDUZE-2026_recto-1-scaled.jpg?resize=768%2C1086&amp;ssl=1 768w, https:\/\/i0.wp.com\/ariatango.com\/wp-content\/uploads\/2026\/01\/STAGES-ANDUZE-2026_recto-1-scaled.jpg?resize=1086%2C1536&amp;ssl=1 1086w, https:\/\/i0.wp.com\/ariatango.com\/wp-content\/uploads\/2026\/01\/STAGES-ANDUZE-2026_recto-1-scaled.jpg?resize=1448%2C2048&amp;ssl=1 1448w, https:\/\/i0.wp.com\/ariatango.com\/wp-content\/uploads\/2026\/01\/STAGES-ANDUZE-2026_recto-1-scaled.jpg?w=1810&amp;ssl=1 1810w, https:\/\/i0.wp.com\/ariatango.com\/wp-content\/uploads\/2026\/01\/STAGES-ANDUZE-2026_recto-1-scaled.jpg?w=1312&amp;ssl=1 1312w\" sizes=\"auto, (max-width: 656px) 100vw, 656px\" \/><\/figure>\n\n\n\n<div style=\"height:50px\" aria-hidden=\"true\" class=\"wp-block-spacer\"><\/div>\n\n\n\n<div class=\"wp-block-stackable-button-group stk-block-button-group stk-block stk-3a79f8e\" data-block-id=\"3a79f8e\"><div class=\"stk-row stk-inner-blocks stk-block-content stk-button-group\">\n<div class=\"wp-block-stackable-button stk-block-button stk-block stk-92c2eed\" data-block-id=\"92c2eed\"><style>.stk-92c2eed , .stk-92c2eed .stk-button{width:100% !important;}.stk-92c2eed {flex:1 0 var(--stk-button-group-flex-wrap, 0) !important;}.stk-92c2eed .stk-button{background:#f8e800 !important;border-top-left-radius:var(--stk--preset--border-radius--full, 9999px) !important;border-top-right-radius:var(--stk--preset--border-radius--full, 9999px) !important;border-bottom-right-radius:var(--stk--preset--border-radius--full, 9999px) !important;border-bottom-left-radius:var(--stk--preset--border-radius--full, 9999px) !important;}.stk-92c2eed .stk-button__inner-text{color:#0f0e17 !important;}<\/style><a class=\"stk-link stk-button stk--hover-effect-scale-more\" href=\"https:\/\/ariatango.com\/index.php\/semaine-anduze\/\" target=\"_blank\" rel=\"noreferrer noopener\"><span class=\"has-text-color stk-button__inner-text\">Infos<\/span><\/a><\/div>\n<\/div><\/div>\n<\/div><\/div><\/div>\n<\/div>\n<\/div>\n\n\n\n<div style=\"height:50px\" aria-hidden=\"true\" class=\"wp-block-spacer\"><\/div>\n\n\n\n<div class=\"wp-block-columns is-layout-flex wp-container-core-columns-is-layout-9d6595d7 wp-block-columns-is-layout-flex\">\n<div class=\"wp-block-column is-layout-flow wp-block-column-is-layout-flow\">\n<div class=\"wp-block-buttons is-content-justification-center is-layout-flex wp-container-core-buttons-is-layout-062f0008 wp-block-buttons-is-layout-flex\">\n<div class=\"wp-block-button\"><a class=\"wp-block-button__link has-white-color has-text-color has-background has-text-align-right wp-element-button\" href=\"https:\/\/ariatango.com\/index.php\/inscription\/\" style=\"background-color:#4b9398\" target=\"_blank\" rel=\"noreferrer noopener\">INSCRIPTION<\/a><\/div>\n<\/div>\n<\/div>\n\n\n\n<div class=\"wp-block-column is-vertically-aligned-center is-layout-flow wp-block-column-is-layout-flow\">\n<div class=\"wp-block-buttons is-content-justification-center is-layout-flex wp-container-core-buttons-is-layout-d9cd0f1e wp-block-buttons-is-layout-flex\">\n<div class=\"wp-block-button is-style-fill\"><a class=\"wp-block-button__link has-white-color has-text-color has-background wp-element-button\" href=\"https:\/\/ariatango.com\/index.php\/contact\/\" style=\"background-color:#4b9398\" target=\"_blank\" rel=\"noreferrer noopener\">CONTACT<\/a><\/div>\n<\/div>\n<\/div>\n<\/div>\n\n\n\n<p><\/p>\n","protected":false},"excerpt":{"rendered":"<p>WEEK-ENDAU PAYS D&rsquo;UZ\u00c8S Stage du 12 au 14 juin 2026 avec F\u00e9d\u00e9rico Rodriguez Morenoet Catherine Boucher Infos SEMAINE\u00c0 ANDUZE Stage du 12 au 17 juillet 2026 avec Jean S\u00e9bastien Rampazziet Catherine Boucher Infos<\/p>\n","protected":false},"author":1,"featured_media":0,"parent":0,"menu_order":0,"comment_status":"closed","ping_status":"closed","template":"","meta":{"_coblocks_attr":"","_coblocks_dimensions":"","_coblocks_responsive_height":"","_coblocks_accordion_ie_support":"","_uag_custom_page_level_css":"","footnotes":""},"class_list":["post-34","page","type-page","status-publish","hentry"],"yoast_head":"<!-- This site is optimized with the Yoast SEO plugin v27.3 - https:\/\/yoast.com\/product\/yoast-seo-wordpress\/ -->\n<title>STAGES de TANGO - Aria Tango<\/title>\n<meta name=\"description\" content=\"Aria Tango vous propose deux \u00e9v\u00e9nements. Deux stages de Tango : un week-end au pays d&#039;Uz\u00e8s et une semaine \u00e0 Anduze dans le Gard (France).\" \/>\n<meta name=\"robots\" content=\"index, follow, max-snippet:-1, max-image-preview:large, max-video-preview:-1\" \/>\n<link rel=\"canonical\" href=\"https:\/\/ariatango.com\/\" \/>\n<meta property=\"og:locale\" content=\"fr_FR\" \/>\n<meta property=\"og:type\" content=\"article\" \/>\n<meta property=\"og:title\" content=\"STAGES de TANGO - Aria Tango\" \/>\n<meta property=\"og:description\" content=\"Aria Tango vous propose deux \u00e9v\u00e9nements. Deux stages de Tango : un week-end au pays d&#039;Uz\u00e8s et une semaine \u00e0 Anduze dans le Gard (France).\" \/>\n<meta property=\"og:url\" content=\"https:\/\/ariatango.com\/\" \/>\n<meta property=\"og:site_name\" content=\"Aria Tango\" \/>\n<meta property=\"article:modified_time\" content=\"2026-03-18T07:47:54+00:00\" \/>\n<meta property=\"og:image\" content=\"https:\/\/ariatango.com\/wp-content\/uploads\/2026\/03\/FLYER_STAGES-UZES-2026P.jpg\" \/>\n<meta name=\"twitter:card\" content=\"summary_large_image\" \/>\n<meta name=\"twitter:label1\" content=\"Dur\u00e9e de lecture estim\u00e9e\" \/>\n\t<meta name=\"twitter:data1\" content=\"1 minute\" \/>\n<script type=\"application\/ld+json\" class=\"yoast-schema-graph\">{\"@context\":\"https:\\\/\\\/schema.org\",\"@graph\":[{\"@type\":\"WebPage\",\"@id\":\"https:\\\/\\\/ariatango.com\\\/\",\"url\":\"https:\\\/\\\/ariatango.com\\\/\",\"name\":\"STAGES de TANGO - Aria Tango\",\"isPartOf\":{\"@id\":\"https:\\\/\\\/ariatango.com\\\/#website\"},\"primaryImageOfPage\":{\"@id\":\"https:\\\/\\\/ariatango.com\\\/#primaryimage\"},\"image\":{\"@id\":\"https:\\\/\\\/ariatango.com\\\/#primaryimage\"},\"thumbnailUrl\":\"https:\\\/\\\/ariatango.com\\\/wp-content\\\/uploads\\\/2026\\\/03\\\/FLYER_STAGES-UZES-2026P.jpg\",\"datePublished\":\"2023-02-27T13:14:11+00:00\",\"dateModified\":\"2026-03-18T07:47:54+00:00\",\"description\":\"Aria Tango vous propose deux \u00e9v\u00e9nements. Deux stages de Tango : un week-end au pays d'Uz\u00e8s et une semaine \u00e0 Anduze dans le Gard (France).\",\"breadcrumb\":{\"@id\":\"https:\\\/\\\/ariatango.com\\\/#breadcrumb\"},\"inLanguage\":\"fr-FR\",\"potentialAction\":[{\"@type\":\"ReadAction\",\"target\":[\"https:\\\/\\\/ariatango.com\\\/\"]}]},{\"@type\":\"ImageObject\",\"inLanguage\":\"fr-FR\",\"@id\":\"https:\\\/\\\/ariatango.com\\\/#primaryimage\",\"url\":\"https:\\\/\\\/i0.wp.com\\\/ariatango.com\\\/wp-content\\\/uploads\\\/2026\\\/03\\\/FLYER_STAGES-UZES-2026P.jpg?fit=1240%2C1754&ssl=1\",\"contentUrl\":\"https:\\\/\\\/i0.wp.com\\\/ariatango.com\\\/wp-content\\\/uploads\\\/2026\\\/03\\\/FLYER_STAGES-UZES-2026P.jpg?fit=1240%2C1754&ssl=1\",\"width\":1240,\"height\":1754},{\"@type\":\"BreadcrumbList\",\"@id\":\"https:\\\/\\\/ariatango.com\\\/#breadcrumb\",\"itemListElement\":[{\"@type\":\"ListItem\",\"position\":1,\"name\":\"Accueil\",\"item\":\"https:\\\/\\\/ariatango.com\\\/\"},{\"@type\":\"ListItem\",\"position\":2,\"name\":\"STAGES de TANGO\"}]},{\"@type\":\"WebSite\",\"@id\":\"https:\\\/\\\/ariatango.com\\\/#website\",\"url\":\"https:\\\/\\\/ariatango.com\\\/\",\"name\":\"Aria Tango\",\"description\":\"info@ariatango.com  -  https:\\\/\\\/ariatango.com  - 06 17 67 33 59\",\"publisher\":{\"@id\":\"https:\\\/\\\/ariatango.com\\\/#organization\"},\"potentialAction\":[{\"@type\":\"SearchAction\",\"target\":{\"@type\":\"EntryPoint\",\"urlTemplate\":\"https:\\\/\\\/ariatango.com\\\/?s={search_term_string}\"},\"query-input\":{\"@type\":\"PropertyValueSpecification\",\"valueRequired\":true,\"valueName\":\"search_term_string\"}}],\"inLanguage\":\"fr-FR\"},{\"@type\":\"Organization\",\"@id\":\"https:\\\/\\\/ariatango.com\\\/#organization\",\"name\":\"Aria Tango\",\"url\":\"https:\\\/\\\/ariatango.com\\\/\",\"logo\":{\"@type\":\"ImageObject\",\"inLanguage\":\"fr-FR\",\"@id\":\"https:\\\/\\\/ariatango.com\\\/#\\\/schema\\\/logo\\\/image\\\/\",\"url\":\"http:\\\/\\\/ariatango.com\\\/wp-content\\\/uploads\\\/2023\\\/02\\\/LOGO-ARIA-TANGO.png\",\"contentUrl\":\"http:\\\/\\\/ariatango.com\\\/wp-content\\\/uploads\\\/2023\\\/02\\\/LOGO-ARIA-TANGO.png\",\"width\":1247,\"height\":197,\"caption\":\"Aria Tango\"},\"image\":{\"@id\":\"https:\\\/\\\/ariatango.com\\\/#\\\/schema\\\/logo\\\/image\\\/\"}}]}<\/script>\n<!-- \/ Yoast SEO plugin. -->","yoast_head_json":{"title":"STAGES de TANGO - Aria Tango","description":"Aria Tango vous propose deux \u00e9v\u00e9nements. Deux stages de Tango : un week-end au pays d'Uz\u00e8s et une semaine \u00e0 Anduze dans le Gard (France).","robots":{"index":"index","follow":"follow","max-snippet":"max-snippet:-1","max-image-preview":"max-image-preview:large","max-video-preview":"max-video-preview:-1"},"canonical":"https:\/\/ariatango.com\/","og_locale":"fr_FR","og_type":"article","og_title":"STAGES de TANGO - Aria Tango","og_description":"Aria Tango vous propose deux \u00e9v\u00e9nements. Deux stages de Tango : un week-end au pays d'Uz\u00e8s et une semaine \u00e0 Anduze dans le Gard (France).","og_url":"https:\/\/ariatango.com\/","og_site_name":"Aria Tango","article_modified_time":"2026-03-18T07:47:54+00:00","og_image":[{"url":"https:\/\/ariatango.com\/wp-content\/uploads\/2026\/03\/FLYER_STAGES-UZES-2026P.jpg","type":"","width":"","height":""}],"twitter_card":"summary_large_image","twitter_misc":{"Dur\u00e9e de lecture estim\u00e9e":"1 minute"},"schema":{"@context":"https:\/\/schema.org","@graph":[{"@type":"WebPage","@id":"https:\/\/ariatango.com\/","url":"https:\/\/ariatango.com\/","name":"STAGES de TANGO - Aria Tango","isPartOf":{"@id":"https:\/\/ariatango.com\/#website"},"primaryImageOfPage":{"@id":"https:\/\/ariatango.com\/#primaryimage"},"image":{"@id":"https:\/\/ariatango.com\/#primaryimage"},"thumbnailUrl":"https:\/\/ariatango.com\/wp-content\/uploads\/2026\/03\/FLYER_STAGES-UZES-2026P.jpg","datePublished":"2023-02-27T13:14:11+00:00","dateModified":"2026-03-18T07:47:54+00:00","description":"Aria Tango vous propose deux \u00e9v\u00e9nements. Deux stages de Tango : un week-end au pays d'Uz\u00e8s et une semaine \u00e0 Anduze dans le Gard (France).","breadcrumb":{"@id":"https:\/\/ariatango.com\/#breadcrumb"},"inLanguage":"fr-FR","potentialAction":[{"@type":"ReadAction","target":["https:\/\/ariatango.com\/"]}]},{"@type":"ImageObject","inLanguage":"fr-FR","@id":"https:\/\/ariatango.com\/#primaryimage","url":"https:\/\/i0.wp.com\/ariatango.com\/wp-content\/uploads\/2026\/03\/FLYER_STAGES-UZES-2026P.jpg?fit=1240%2C1754&ssl=1","contentUrl":"https:\/\/i0.wp.com\/ariatango.com\/wp-content\/uploads\/2026\/03\/FLYER_STAGES-UZES-2026P.jpg?fit=1240%2C1754&ssl=1","width":1240,"height":1754},{"@type":"BreadcrumbList","@id":"https:\/\/ariatango.com\/#breadcrumb","itemListElement":[{"@type":"ListItem","position":1,"name":"Accueil","item":"https:\/\/ariatango.com\/"},{"@type":"ListItem","position":2,"name":"STAGES de TANGO"}]},{"@type":"WebSite","@id":"https:\/\/ariatango.com\/#website","url":"https:\/\/ariatango.com\/","name":"Aria Tango","description":"info@ariatango.com  -  https:\/\/ariatango.com  - 06 17 67 33 59","publisher":{"@id":"https:\/\/ariatango.com\/#organization"},"potentialAction":[{"@type":"SearchAction","target":{"@type":"EntryPoint","urlTemplate":"https:\/\/ariatango.com\/?s={search_term_string}"},"query-input":{"@type":"PropertyValueSpecification","valueRequired":true,"valueName":"search_term_string"}}],"inLanguage":"fr-FR"},{"@type":"Organization","@id":"https:\/\/ariatango.com\/#organization","name":"Aria Tango","url":"https:\/\/ariatango.com\/","logo":{"@type":"ImageObject","inLanguage":"fr-FR","@id":"https:\/\/ariatango.com\/#\/schema\/logo\/image\/","url":"http:\/\/ariatango.com\/wp-content\/uploads\/2023\/02\/LOGO-ARIA-TANGO.png","contentUrl":"http:\/\/ariatango.com\/wp-content\/uploads\/2023\/02\/LOGO-ARIA-TANGO.png","width":1247,"height":197,"caption":"Aria Tango"},"image":{"@id":"https:\/\/ariatango.com\/#\/schema\/logo\/image\/"}}]}},"featured_image_src":null,"featured_image_src_square":null,"uagb_featured_image_src":{"full":false,"thumbnail":false,"medium":false,"medium_large":false,"large":false,"1536x1536":false,"2048x2048":false,"ab-block-post-grid-landscape":false,"ab-block-post-grid-square":false,"penscratch-featured":false,"penscratch-site-logo":false},"uagb_author_info":{"display_name":"Ariatango412","author_link":"https:\/\/ariatango.com\/index.php\/author\/ariatango412\/"},"uagb_comment_info":0,"uagb_excerpt":"WEEK-ENDAU PAYS D&rsquo;UZ\u00c8S Stage du 12 au 14 juin 2026 avec F\u00e9d\u00e9rico Rodriguez Morenoet Catherine Boucher Infos SEMAINE\u00c0 ANDUZE Stage du 12 au 17 juillet 2026 avec Jean S\u00e9bastien Rampazziet Catherine Boucher Infos","jetpack-related-posts":[],"jetpack_sharing_enabled":true,"_links":{"self":[{"href":"https:\/\/ariatango.com\/index.php\/wp-json\/wp\/v2\/pages\/34","targetHints":{"allow":["GET"]}}],"collection":[{"href":"https:\/\/ariatango.com\/index.php\/wp-json\/wp\/v2\/pages"}],"about":[{"href":"https:\/\/ariatango.com\/index.php\/wp-json\/wp\/v2\/types\/page"}],"author":[{"embeddable":true,"href":"https:\/\/ariatango.com\/index.php\/wp-json\/wp\/v2\/users\/1"}],"replies":[{"embeddable":true,"href":"https:\/\/ariatango.com\/index.php\/wp-json\/wp\/v2\/comments?post=34"}],"version-history":[{"count":136,"href":"https:\/\/ariatango.com\/index.php\/wp-json\/wp\/v2\/pages\/34\/revisions"}],"predecessor-version":[{"id":1129,"href":"https:\/\/ariatango.com\/index.php\/wp-json\/wp\/v2\/pages\/34\/revisions\/1129"}],"wp:attachment":[{"href":"https:\/\/ariatango.com\/index.php\/wp-json\/wp\/v2\/media?parent=34"}],"curies":[{"name":"wp","href":"https:\/\/api.w.org\/{rel}","templated":true}]}}