{"id":537,"date":"2026-01-02T18:29:48","date_gmt":"2026-01-02T17:29:48","guid":{"rendered":"https:\/\/ariatango.com\/?page_id=537"},"modified":"2026-03-26T15:30:25","modified_gmt":"2026-03-26T14:30:25","slug":"semaine-anduze","status":"publish","type":"page","link":"https:\/\/ariatango.com\/index.php\/semaine-anduze\/","title":{"rendered":"Semaine \u00e0 Anduze"},"content":{"rendered":"\n<h2 class=\"wp-block-heading has-text-align-center\">Stage d&rsquo;\u00e9t\u00e9 niveau avanc\u00e9<\/h2>\n\n\n\n<h2 class=\"wp-block-heading has-text-align-center\">du 12 au 17 juillet 2026<\/h2>\n\n\n\n<p class=\"has-text-align-center\" style=\"font-size:18px;font-style:normal;font-weight:200\">12\u00e8me \u00e9dition<\/p>\n\n\n\n<div class=\"wp-block-uagb-container uagb-block-0cf89d49 alignfull uagb-is-root-container\"><div class=\"uagb-container-inner-blocks-wrap\">\n<div class=\"wp-block-uagb-container uagb-block-e61b43d3\">\n<div class=\"wp-block-stackable-image stk-block-image has-text-align-center stk-block stk-4ee4e97\" data-block-id=\"4ee4e97\"><style>.stk-4ee4e97 {align-items:center !important;display:flex !important;}.stk-4ee4e97 .stk-img-wrapper{--stk-gradient-overlay:0.4 !important;}<\/style><figure><span class=\"stk-img-wrapper stk-image--shape-stretch stk--has-lightbox\"><img data-recalc-dims=\"1\" loading=\"lazy\" decoding=\"async\" class=\"stk-img wp-image-545\" src=\"https:\/\/i0.wp.com\/ariatango.com\/wp-content\/uploads\/2026\/01\/STAGES-ANDUZE-2026_recto-1-scaled.jpg?resize=656%2C928&#038;ssl=1\" width=\"656\" height=\"928\" srcset=\"https:\/\/i0.wp.com\/ariatango.com\/wp-content\/uploads\/2026\/01\/STAGES-ANDUZE-2026_recto-1-scaled.jpg?w=1810&amp;ssl=1 1810w, https:\/\/i0.wp.com\/ariatango.com\/wp-content\/uploads\/2026\/01\/STAGES-ANDUZE-2026_recto-1-scaled.jpg?resize=212%2C300&amp;ssl=1 212w, https:\/\/i0.wp.com\/ariatango.com\/wp-content\/uploads\/2026\/01\/STAGES-ANDUZE-2026_recto-1-scaled.jpg?resize=724%2C1024&amp;ssl=1 724w, https:\/\/i0.wp.com\/ariatango.com\/wp-content\/uploads\/2026\/01\/STAGES-ANDUZE-2026_recto-1-scaled.jpg?resize=768%2C1086&amp;ssl=1 768w, https:\/\/i0.wp.com\/ariatango.com\/wp-content\/uploads\/2026\/01\/STAGES-ANDUZE-2026_recto-1-scaled.jpg?resize=1086%2C1536&amp;ssl=1 1086w, https:\/\/i0.wp.com\/ariatango.com\/wp-content\/uploads\/2026\/01\/STAGES-ANDUZE-2026_recto-1-scaled.jpg?resize=1448%2C2048&amp;ssl=1 1448w, https:\/\/i0.wp.com\/ariatango.com\/wp-content\/uploads\/2026\/01\/STAGES-ANDUZE-2026_recto-1-scaled.jpg?w=1312&amp;ssl=1 1312w\" sizes=\"auto, (max-width: 656px) 100vw, 656px\" \/><\/span><\/figure><\/div>\n<\/div>\n\n\n\n<div class=\"wp-block-uagb-container uagb-block-021c6ad6\">\n<div class=\"wp-block-stackable-image stk-block-image has-text-align-center stk-block stk-80235dc\" data-block-id=\"80235dc\"><style>.stk-80235dc {box-shadow:none !important;align-items:center !important;display:flex !important;}.stk-80235dc .stk-img-wrapper{--stk-gradient-overlay:0.4 !important;}<\/style><figure><span class=\"stk-img-wrapper stk-image--shape-stretch stk--has-lightbox\"><img data-recalc-dims=\"1\" loading=\"lazy\" decoding=\"async\" class=\"stk-img wp-image-561\" src=\"https:\/\/i0.wp.com\/ariatango.com\/wp-content\/uploads\/2026\/01\/STAGES-ANDUZE-2026_verso-2-scaled.jpg?resize=656%2C928&#038;ssl=1\" width=\"656\" height=\"928\" srcset=\"https:\/\/i0.wp.com\/ariatango.com\/wp-content\/uploads\/2026\/01\/STAGES-ANDUZE-2026_verso-2-scaled.jpg?w=1810&amp;ssl=1 1810w, https:\/\/i0.wp.com\/ariatango.com\/wp-content\/uploads\/2026\/01\/STAGES-ANDUZE-2026_verso-2-scaled.jpg?resize=212%2C300&amp;ssl=1 212w, https:\/\/i0.wp.com\/ariatango.com\/wp-content\/uploads\/2026\/01\/STAGES-ANDUZE-2026_verso-2-scaled.jpg?resize=724%2C1024&amp;ssl=1 724w, https:\/\/i0.wp.com\/ariatango.com\/wp-content\/uploads\/2026\/01\/STAGES-ANDUZE-2026_verso-2-scaled.jpg?resize=768%2C1086&amp;ssl=1 768w, https:\/\/i0.wp.com\/ariatango.com\/wp-content\/uploads\/2026\/01\/STAGES-ANDUZE-2026_verso-2-scaled.jpg?resize=1086%2C1536&amp;ssl=1 1086w, https:\/\/i0.wp.com\/ariatango.com\/wp-content\/uploads\/2026\/01\/STAGES-ANDUZE-2026_verso-2-scaled.jpg?resize=1448%2C2048&amp;ssl=1 1448w, https:\/\/i0.wp.com\/ariatango.com\/wp-content\/uploads\/2026\/01\/STAGES-ANDUZE-2026_verso-2-scaled.jpg?w=1312&amp;ssl=1 1312w\" sizes=\"auto, (max-width: 656px) 100vw, 656px\" \/><\/span><\/figure><\/div>\n<\/div>\n<\/div><\/div>\n\n\n\n<div style=\"height:25px\" aria-hidden=\"true\" class=\"wp-block-spacer\"><\/div>\n\n\n\n<p class=\"has-text-align-center has-text-color\" style=\"color:#ece200;font-size:22px;font-style:normal;font-weight:300\"><strong>Avec Jean S\u00e9bastien RAMPAZZI<\/strong><br><strong>et Catherine BOUCHER<\/strong><\/p>\n\n\n\n<p class=\"has-black-color has-text-color\">Rendez-vous pour une semaine intense dans ce village du Gard accueillant, ensoleill\u00e9 et anim\u00e9.<\/p>\n\n\n\n<p class=\"has-text-align-left has-black-color has-text-color\">L\u2019accent sera mis sur l\u2019\u00e9tude pr\u00e9cise et approfondie des fondamentaux et \u00e9l\u00e9ments indispensables du tango, \u00e9clair\u00e9e par la p\u00e9dagogie exceptionnelle de Jean-S\u00e9bastien, en partenariat avec Catherine.<\/p>\n\n\n\n<p class=\"has-black-color has-text-color\">MILONGA gratuite et ouverte \u00e0 tous sur la Place Couverte, en plein air et en plein c\u0153ur du village m\u00e9di\u00e9val, le MERCREDI 15 JUILLET 2026.<\/p>\n\n\n\n<p class=\"has-black-color has-text-color\">A tr\u00e8s bient\u00f4t<\/p>\n\n\n\n<hr class=\"wp-block-separator has-text-color has-alpha-channel-opacity has-background is-style-dots\" style=\"background-color:#4b9398;color:#4b9398\"\/>\n\n\n\n<p>TARIFS : 260 \u20ac par personne par stage.&nbsp;<\/p>\n\n\n\n<p>Inscription en couple par mail : info@ariatango.com<\/p>\n\n\n\n<p>R\u00e8glement via HelloAsso<\/p>\n\n\n\n<p>Possibilit\u00e9 de r\u00e9gler \u00e9galement par virement (nous consulter).<\/p>\n\n\n\n<p>N\u2019h\u00e9sitez pas \u00e0 nous contacter pour toute question.<\/p>\n\n\n\n<hr class=\"wp-block-separator has-text-color has-alpha-channel-opacity has-background is-style-dots\" style=\"background-color:#4b9398;color:#4b9398\"\/>\n\n\n\n<div class=\"wp-block-columns is-layout-flex wp-container-core-columns-is-layout-9d6595d7 wp-block-columns-is-layout-flex\">\n<div class=\"wp-block-column is-layout-flow wp-block-column-is-layout-flow\">\n<div class=\"wp-block-buttons is-content-justification-center is-layout-flex wp-container-core-buttons-is-layout-16018d1d wp-block-buttons-is-layout-flex\">\n<div class=\"wp-block-button\"><a class=\"wp-block-button__link has-white-color has-text-color has-background wp-element-button\" href=\"https:\/\/ariatango.com\/index.php\/programme\/\" style=\"background-color:#4b9398\">PROGRAMME<\/a><\/div>\n<\/div>\n<\/div>\n\n\n\n<div class=\"wp-block-column is-layout-flow wp-block-column-is-layout-flow\">\n<div class=\"wp-block-buttons is-content-justification-center is-layout-flex wp-container-core-buttons-is-layout-16018d1d wp-block-buttons-is-layout-flex\">\n<div class=\"wp-block-button\"><a class=\"wp-block-button__link has-white-color has-text-color has-background wp-element-button\" href=\"https:\/\/ariatango.com\/index.php\/inscription\/\" style=\"background-color:#4b9398\" target=\"_blank\" rel=\"noreferrer noopener\">INSCRIPTION<\/a><\/div>\n<\/div>\n<\/div>\n\n\n\n<div class=\"wp-block-column is-layout-flow wp-block-column-is-layout-flow\">\n<div class=\"wp-block-buttons is-content-justification-center is-layout-flex wp-container-core-buttons-is-layout-16018d1d wp-block-buttons-is-layout-flex\">\n<div class=\"wp-block-button is-style-fill\"><a class=\"wp-block-button__link has-white-color has-text-color has-background wp-element-button\" href=\"https:\/\/ariatango.com\/index.php\/contact\/\" style=\"background-color:#4b9398\" target=\"_blank\" rel=\"noreferrer noopener\">CONTACT<\/a><\/div>\n<\/div>\n<\/div>\n<\/div>\n\n\n\n<div style=\"height:15px\" aria-hidden=\"true\" class=\"wp-block-spacer\"><\/div>\n\n\n\n<div class=\"wp-block-buttons is-content-justification-center is-layout-flex wp-container-core-buttons-is-layout-16018d1d wp-block-buttons-is-layout-flex\">\n<div class=\"wp-block-button\"><a class=\"wp-block-button__link has-white-color has-text-color has-background wp-element-button\" href=\"https:\/\/ariatango.com\/index.php\/maestros-anduze\/\" style=\"background-color:#4b9398\">MAESTROS<\/a><\/div>\n<\/div>\n","protected":false},"excerpt":{"rendered":"<p>Stage d&rsquo;\u00e9t\u00e9 niveau avanc\u00e9 du 12 au 17 juillet 2026 12\u00e8me \u00e9dition Avec Jean S\u00e9bastien RAMPAZZIet Catherine BOUCHER Rendez-vous pour une semaine intense dans ce village du Gard accueillant, ensoleill\u00e9 et anim\u00e9. L\u2019accent sera mis sur l\u2019\u00e9tude pr\u00e9cise et approfondie des fondamentaux et \u00e9l\u00e9ments indispensables du tango, \u00e9clair\u00e9e par la p\u00e9dagogie exceptionnelle de Jean-S\u00e9bastien, en [&hellip;]<\/p>\n","protected":false},"author":1,"featured_media":0,"parent":0,"menu_order":0,"comment_status":"closed","ping_status":"closed","template":"","meta":{"_coblocks_attr":"","_coblocks_dimensions":"","_coblocks_responsive_height":"","_coblocks_accordion_ie_support":"","_uag_custom_page_level_css":"","footnotes":""},"class_list":["post-537","page","type-page","status-publish","hentry"],"yoast_head":"<!-- This site is optimized with the Yoast SEO plugin v27.3 - https:\/\/yoast.com\/product\/yoast-seo-wordpress\/ -->\n<title>Semaine \u00e0 Anduze - Aria Tango<\/title>\n<meta name=\"description\" content=\"Semaine intense sur l&#039;\u00e9tude pr\u00e9cise et approfondie \u00e9clair\u00e9e par la p\u00e9dagogie exceptionnelle de Jean-S\u00e9bastien, en partenariat avec Catherine.\" \/>\n<meta name=\"robots\" content=\"index, follow, max-snippet:-1, max-image-preview:large, max-video-preview:-1\" \/>\n<link rel=\"canonical\" href=\"https:\/\/ariatango.com\/index.php\/semaine-anduze\/\" \/>\n<meta property=\"og:locale\" content=\"fr_FR\" \/>\n<meta property=\"og:type\" content=\"article\" \/>\n<meta property=\"og:title\" content=\"Semaine \u00e0 Anduze - Aria Tango\" \/>\n<meta property=\"og:description\" content=\"Semaine intense sur l&#039;\u00e9tude pr\u00e9cise et approfondie \u00e9clair\u00e9e par la p\u00e9dagogie exceptionnelle de Jean-S\u00e9bastien, en partenariat avec Catherine.\" \/>\n<meta property=\"og:url\" content=\"https:\/\/ariatango.com\/index.php\/semaine-anduze\/\" \/>\n<meta property=\"og:site_name\" content=\"Aria Tango\" \/>\n<meta property=\"article:modified_time\" content=\"2026-03-26T14:30:25+00:00\" \/>\n<meta property=\"og:image\" content=\"https:\/\/ariatango.com\/wp-content\/uploads\/2026\/01\/STAGES-ANDUZE-2026_recto-1-scaled.jpg\" \/>\n<meta name=\"twitter:card\" content=\"summary_large_image\" \/>\n<meta name=\"twitter:label1\" content=\"Dur\u00e9e de lecture estim\u00e9e\" \/>\n\t<meta name=\"twitter:data1\" content=\"2 minutes\" \/>\n<script type=\"application\/ld+json\" class=\"yoast-schema-graph\">{\"@context\":\"https:\\\/\\\/schema.org\",\"@graph\":[{\"@type\":\"WebPage\",\"@id\":\"https:\\\/\\\/ariatango.com\\\/index.php\\\/semaine-anduze\\\/\",\"url\":\"https:\\\/\\\/ariatango.com\\\/index.php\\\/semaine-anduze\\\/\",\"name\":\"Semaine \u00e0 Anduze - Aria Tango\",\"isPartOf\":{\"@id\":\"https:\\\/\\\/ariatango.com\\\/#website\"},\"primaryImageOfPage\":{\"@id\":\"https:\\\/\\\/ariatango.com\\\/index.php\\\/semaine-anduze\\\/#primaryimage\"},\"image\":{\"@id\":\"https:\\\/\\\/ariatango.com\\\/index.php\\\/semaine-anduze\\\/#primaryimage\"},\"thumbnailUrl\":\"https:\\\/\\\/ariatango.com\\\/wp-content\\\/uploads\\\/2026\\\/01\\\/STAGES-ANDUZE-2026_recto-1-scaled.jpg\",\"datePublished\":\"2026-01-02T17:29:48+00:00\",\"dateModified\":\"2026-03-26T14:30:25+00:00\",\"description\":\"Semaine intense sur l'\u00e9tude pr\u00e9cise et approfondie \u00e9clair\u00e9e par la p\u00e9dagogie exceptionnelle de Jean-S\u00e9bastien, en partenariat avec Catherine.\",\"breadcrumb\":{\"@id\":\"https:\\\/\\\/ariatango.com\\\/index.php\\\/semaine-anduze\\\/#breadcrumb\"},\"inLanguage\":\"fr-FR\",\"potentialAction\":[{\"@type\":\"ReadAction\",\"target\":[\"https:\\\/\\\/ariatango.com\\\/index.php\\\/semaine-anduze\\\/\"]}]},{\"@type\":\"ImageObject\",\"inLanguage\":\"fr-FR\",\"@id\":\"https:\\\/\\\/ariatango.com\\\/index.php\\\/semaine-anduze\\\/#primaryimage\",\"url\":\"https:\\\/\\\/i0.wp.com\\\/ariatango.com\\\/wp-content\\\/uploads\\\/2026\\\/01\\\/STAGES-ANDUZE-2026_recto-1-scaled.jpg?fit=1810%2C2560&ssl=1\",\"contentUrl\":\"https:\\\/\\\/i0.wp.com\\\/ariatango.com\\\/wp-content\\\/uploads\\\/2026\\\/01\\\/STAGES-ANDUZE-2026_recto-1-scaled.jpg?fit=1810%2C2560&ssl=1\",\"width\":1810,\"height\":2560},{\"@type\":\"BreadcrumbList\",\"@id\":\"https:\\\/\\\/ariatango.com\\\/index.php\\\/semaine-anduze\\\/#breadcrumb\",\"itemListElement\":[{\"@type\":\"ListItem\",\"position\":1,\"name\":\"Accueil\",\"item\":\"https:\\\/\\\/ariatango.com\\\/\"},{\"@type\":\"ListItem\",\"position\":2,\"name\":\"Semaine \u00e0 Anduze\"}]},{\"@type\":\"WebSite\",\"@id\":\"https:\\\/\\\/ariatango.com\\\/#website\",\"url\":\"https:\\\/\\\/ariatango.com\\\/\",\"name\":\"Aria Tango\",\"description\":\"info@ariatango.com  -  https:\\\/\\\/ariatango.com  - 06 17 67 33 59\",\"publisher\":{\"@id\":\"https:\\\/\\\/ariatango.com\\\/#organization\"},\"potentialAction\":[{\"@type\":\"SearchAction\",\"target\":{\"@type\":\"EntryPoint\",\"urlTemplate\":\"https:\\\/\\\/ariatango.com\\\/?s={search_term_string}\"},\"query-input\":{\"@type\":\"PropertyValueSpecification\",\"valueRequired\":true,\"valueName\":\"search_term_string\"}}],\"inLanguage\":\"fr-FR\"},{\"@type\":\"Organization\",\"@id\":\"https:\\\/\\\/ariatango.com\\\/#organization\",\"name\":\"Aria Tango\",\"url\":\"https:\\\/\\\/ariatango.com\\\/\",\"logo\":{\"@type\":\"ImageObject\",\"inLanguage\":\"fr-FR\",\"@id\":\"https:\\\/\\\/ariatango.com\\\/#\\\/schema\\\/logo\\\/image\\\/\",\"url\":\"http:\\\/\\\/ariatango.com\\\/wp-content\\\/uploads\\\/2023\\\/02\\\/LOGO-ARIA-TANGO.png\",\"contentUrl\":\"http:\\\/\\\/ariatango.com\\\/wp-content\\\/uploads\\\/2023\\\/02\\\/LOGO-ARIA-TANGO.png\",\"width\":1247,\"height\":197,\"caption\":\"Aria Tango\"},\"image\":{\"@id\":\"https:\\\/\\\/ariatango.com\\\/#\\\/schema\\\/logo\\\/image\\\/\"}}]}<\/script>\n<!-- \/ Yoast SEO plugin. -->","yoast_head_json":{"title":"Semaine \u00e0 Anduze - Aria Tango","description":"Semaine intense sur l'\u00e9tude pr\u00e9cise et approfondie \u00e9clair\u00e9e par la p\u00e9dagogie exceptionnelle de Jean-S\u00e9bastien, en partenariat avec Catherine.","robots":{"index":"index","follow":"follow","max-snippet":"max-snippet:-1","max-image-preview":"max-image-preview:large","max-video-preview":"max-video-preview:-1"},"canonical":"https:\/\/ariatango.com\/index.php\/semaine-anduze\/","og_locale":"fr_FR","og_type":"article","og_title":"Semaine \u00e0 Anduze - Aria Tango","og_description":"Semaine intense sur l'\u00e9tude pr\u00e9cise et approfondie \u00e9clair\u00e9e par la p\u00e9dagogie exceptionnelle de Jean-S\u00e9bastien, en partenariat avec Catherine.","og_url":"https:\/\/ariatango.com\/index.php\/semaine-anduze\/","og_site_name":"Aria Tango","article_modified_time":"2026-03-26T14:30:25+00:00","og_image":[{"url":"https:\/\/ariatango.com\/wp-content\/uploads\/2026\/01\/STAGES-ANDUZE-2026_recto-1-scaled.jpg","type":"","width":"","height":""}],"twitter_card":"summary_large_image","twitter_misc":{"Dur\u00e9e de lecture estim\u00e9e":"2 minutes"},"schema":{"@context":"https:\/\/schema.org","@graph":[{"@type":"WebPage","@id":"https:\/\/ariatango.com\/index.php\/semaine-anduze\/","url":"https:\/\/ariatango.com\/index.php\/semaine-anduze\/","name":"Semaine \u00e0 Anduze - Aria Tango","isPartOf":{"@id":"https:\/\/ariatango.com\/#website"},"primaryImageOfPage":{"@id":"https:\/\/ariatango.com\/index.php\/semaine-anduze\/#primaryimage"},"image":{"@id":"https:\/\/ariatango.com\/index.php\/semaine-anduze\/#primaryimage"},"thumbnailUrl":"https:\/\/ariatango.com\/wp-content\/uploads\/2026\/01\/STAGES-ANDUZE-2026_recto-1-scaled.jpg","datePublished":"2026-01-02T17:29:48+00:00","dateModified":"2026-03-26T14:30:25+00:00","description":"Semaine intense sur l'\u00e9tude pr\u00e9cise et approfondie \u00e9clair\u00e9e par la p\u00e9dagogie exceptionnelle de Jean-S\u00e9bastien, en partenariat avec Catherine.","breadcrumb":{"@id":"https:\/\/ariatango.com\/index.php\/semaine-anduze\/#breadcrumb"},"inLanguage":"fr-FR","potentialAction":[{"@type":"ReadAction","target":["https:\/\/ariatango.com\/index.php\/semaine-anduze\/"]}]},{"@type":"ImageObject","inLanguage":"fr-FR","@id":"https:\/\/ariatango.com\/index.php\/semaine-anduze\/#primaryimage","url":"https:\/\/i0.wp.com\/ariatango.com\/wp-content\/uploads\/2026\/01\/STAGES-ANDUZE-2026_recto-1-scaled.jpg?fit=1810%2C2560&ssl=1","contentUrl":"https:\/\/i0.wp.com\/ariatango.com\/wp-content\/uploads\/2026\/01\/STAGES-ANDUZE-2026_recto-1-scaled.jpg?fit=1810%2C2560&ssl=1","width":1810,"height":2560},{"@type":"BreadcrumbList","@id":"https:\/\/ariatango.com\/index.php\/semaine-anduze\/#breadcrumb","itemListElement":[{"@type":"ListItem","position":1,"name":"Accueil","item":"https:\/\/ariatango.com\/"},{"@type":"ListItem","position":2,"name":"Semaine \u00e0 Anduze"}]},{"@type":"WebSite","@id":"https:\/\/ariatango.com\/#website","url":"https:\/\/ariatango.com\/","name":"Aria Tango","description":"info@ariatango.com  -  https:\/\/ariatango.com  - 06 17 67 33 59","publisher":{"@id":"https:\/\/ariatango.com\/#organization"},"potentialAction":[{"@type":"SearchAction","target":{"@type":"EntryPoint","urlTemplate":"https:\/\/ariatango.com\/?s={search_term_string}"},"query-input":{"@type":"PropertyValueSpecification","valueRequired":true,"valueName":"search_term_string"}}],"inLanguage":"fr-FR"},{"@type":"Organization","@id":"https:\/\/ariatango.com\/#organization","name":"Aria Tango","url":"https:\/\/ariatango.com\/","logo":{"@type":"ImageObject","inLanguage":"fr-FR","@id":"https:\/\/ariatango.com\/#\/schema\/logo\/image\/","url":"http:\/\/ariatango.com\/wp-content\/uploads\/2023\/02\/LOGO-ARIA-TANGO.png","contentUrl":"http:\/\/ariatango.com\/wp-content\/uploads\/2023\/02\/LOGO-ARIA-TANGO.png","width":1247,"height":197,"caption":"Aria Tango"},"image":{"@id":"https:\/\/ariatango.com\/#\/schema\/logo\/image\/"}}]}},"featured_image_src":null,"featured_image_src_square":null,"uagb_featured_image_src":{"full":false,"thumbnail":false,"medium":false,"medium_large":false,"large":false,"1536x1536":false,"2048x2048":false,"ab-block-post-grid-landscape":false,"ab-block-post-grid-square":false,"penscratch-featured":false,"penscratch-site-logo":false},"uagb_author_info":{"display_name":"Ariatango412","author_link":"https:\/\/ariatango.com\/index.php\/author\/ariatango412\/"},"uagb_comment_info":0,"uagb_excerpt":"Stage d&rsquo;\u00e9t\u00e9 niveau avanc\u00e9 du 12 au 17 juillet 2026 12\u00e8me \u00e9dition Avec Jean S\u00e9bastien RAMPAZZIet Catherine BOUCHER Rendez-vous pour une semaine intense dans ce village du Gard accueillant, ensoleill\u00e9 et anim\u00e9. L\u2019accent sera mis sur l\u2019\u00e9tude pr\u00e9cise et approfondie des fondamentaux et \u00e9l\u00e9ments indispensables du tango, \u00e9clair\u00e9e par la p\u00e9dagogie exceptionnelle de Jean-S\u00e9bastien, en\u2026","jetpack-related-posts":[],"jetpack_sharing_enabled":true,"_links":{"self":[{"href":"https:\/\/ariatango.com\/index.php\/wp-json\/wp\/v2\/pages\/537","targetHints":{"allow":["GET"]}}],"collection":[{"href":"https:\/\/ariatango.com\/index.php\/wp-json\/wp\/v2\/pages"}],"about":[{"href":"https:\/\/ariatango.com\/index.php\/wp-json\/wp\/v2\/types\/page"}],"author":[{"embeddable":true,"href":"https:\/\/ariatango.com\/index.php\/wp-json\/wp\/v2\/users\/1"}],"replies":[{"embeddable":true,"href":"https:\/\/ariatango.com\/index.php\/wp-json\/wp\/v2\/comments?post=537"}],"version-history":[{"count":19,"href":"https:\/\/ariatango.com\/index.php\/wp-json\/wp\/v2\/pages\/537\/revisions"}],"predecessor-version":[{"id":943,"href":"https:\/\/ariatango.com\/index.php\/wp-json\/wp\/v2\/pages\/537\/revisions\/943"}],"wp:attachment":[{"href":"https:\/\/ariatango.com\/index.php\/wp-json\/wp\/v2\/media?parent=537"}],"curies":[{"name":"wp","href":"https:\/\/api.w.org\/{rel}","templated":true}]}}