{"id":576,"date":"2026-01-04T14:17:18","date_gmt":"2026-01-04T13:17:18","guid":{"rendered":"https:\/\/ariatango.com\/?page_id=576"},"modified":"2026-03-29T10:07:23","modified_gmt":"2026-03-29T08:07:23","slug":"programme-uzes","status":"publish","type":"page","link":"https:\/\/ariatango.com\/index.php\/programme-uzes\/","title":{"rendered":"PROGRAMME  UZ\u00c8S"},"content":{"rendered":"\n<p> 3 jours intenses \u00e0 Montaren et St M\u00e9diers, un des plus beaux villages du Gard, tout pr\u00e8s de la somptueuse et splendide cit\u00e9 d\u2019Uz\u00e8s.<\/p>\n\n\n\n<p>12 heures de cours en immersion totale avec F\u00e9d\u00e9rico accompagn\u00e9 de Catherine.<\/p>\n\n\n\n<p>3 milongas en ext\u00e9rieur sur l\u2019esplanade du ch\u00e2teau \u00e0 l\u2019ombre des marronniers.<\/p>\n\n\n\n<p>STAGES : Foyer de Montaren rue Principale ou esplanade du ch\u00e2teau, selon le temps.<\/p>\n\n\n\n<ul class=\"wp-block-list\">\n<li>Niveau avanc\u00e9<\/li>\n\n\n\n<li>Inscription en couple uniquement<\/li>\n\n\n\n<li>Places limit\u00e9es<br><br><\/li>\n<\/ul>\n\n\n\n<h2 class=\"wp-block-heading has-text-align-center has-text-color has-link-color wp-elements-bb303dba656ddf29ebbb6f1eed5d3ff6\" style=\"color:#4b9398\"><strong>PROGRAMME DU STAGE 2026<\/strong><\/h2>\n\n\n\n<figure class=\"wp-block-gallery has-nested-images columns-2 is-cropped has-lightbox wp-block-gallery-1 is-layout-flex wp-block-gallery-is-layout-flex\">\n<figure class=\"wp-block-image size-large\"><img data-recalc-dims=\"1\" loading=\"lazy\" decoding=\"async\" width=\"656\" height=\"928\" data-id=\"1101\" src=\"https:\/\/i0.wp.com\/ariatango.com\/wp-content\/uploads\/2026\/03\/BROCHURE-programme-UZES-2026_P1.jpg?resize=656%2C928&#038;ssl=1\" alt=\"\" class=\"wp-image-1101\" srcset=\"https:\/\/i0.wp.com\/ariatango.com\/wp-content\/uploads\/2026\/03\/BROCHURE-programme-UZES-2026_P1.jpg?resize=724%2C1024&amp;ssl=1 724w, https:\/\/i0.wp.com\/ariatango.com\/wp-content\/uploads\/2026\/03\/BROCHURE-programme-UZES-2026_P1.jpg?resize=212%2C300&amp;ssl=1 212w, https:\/\/i0.wp.com\/ariatango.com\/wp-content\/uploads\/2026\/03\/BROCHURE-programme-UZES-2026_P1.jpg?resize=768%2C1086&amp;ssl=1 768w, https:\/\/i0.wp.com\/ariatango.com\/wp-content\/uploads\/2026\/03\/BROCHURE-programme-UZES-2026_P1.jpg?resize=1086%2C1536&amp;ssl=1 1086w, https:\/\/i0.wp.com\/ariatango.com\/wp-content\/uploads\/2026\/03\/BROCHURE-programme-UZES-2026_P1.jpg?w=1240&amp;ssl=1 1240w\" sizes=\"auto, (max-width: 656px) 100vw, 656px\" \/><\/figure>\n\n\n\n<figure class=\"wp-block-image size-large\"><img data-recalc-dims=\"1\" loading=\"lazy\" decoding=\"async\" width=\"656\" height=\"928\" data-id=\"1102\" src=\"https:\/\/i0.wp.com\/ariatango.com\/wp-content\/uploads\/2026\/03\/BROCHURE-programme-UZES-2026_P2.jpg?resize=656%2C928&#038;ssl=1\" alt=\"\" class=\"wp-image-1102\" srcset=\"https:\/\/i0.wp.com\/ariatango.com\/wp-content\/uploads\/2026\/03\/BROCHURE-programme-UZES-2026_P2.jpg?resize=724%2C1024&amp;ssl=1 724w, https:\/\/i0.wp.com\/ariatango.com\/wp-content\/uploads\/2026\/03\/BROCHURE-programme-UZES-2026_P2.jpg?resize=212%2C300&amp;ssl=1 212w, https:\/\/i0.wp.com\/ariatango.com\/wp-content\/uploads\/2026\/03\/BROCHURE-programme-UZES-2026_P2.jpg?resize=768%2C1086&amp;ssl=1 768w, https:\/\/i0.wp.com\/ariatango.com\/wp-content\/uploads\/2026\/03\/BROCHURE-programme-UZES-2026_P2.jpg?resize=1086%2C1536&amp;ssl=1 1086w, https:\/\/i0.wp.com\/ariatango.com\/wp-content\/uploads\/2026\/03\/BROCHURE-programme-UZES-2026_P2.jpg?w=1240&amp;ssl=1 1240w\" sizes=\"auto, (max-width: 656px) 100vw, 656px\" \/><\/figure>\n\n\n\n<figure class=\"wp-block-image size-large\"><img data-recalc-dims=\"1\" loading=\"lazy\" decoding=\"async\" width=\"656\" height=\"928\" data-id=\"1103\" src=\"https:\/\/i0.wp.com\/ariatango.com\/wp-content\/uploads\/2026\/03\/BROCHURE-programme-UZES-2026_P3.jpg?resize=656%2C928&#038;ssl=1\" alt=\"\" class=\"wp-image-1103\" srcset=\"https:\/\/i0.wp.com\/ariatango.com\/wp-content\/uploads\/2026\/03\/BROCHURE-programme-UZES-2026_P3.jpg?resize=724%2C1024&amp;ssl=1 724w, https:\/\/i0.wp.com\/ariatango.com\/wp-content\/uploads\/2026\/03\/BROCHURE-programme-UZES-2026_P3.jpg?resize=212%2C300&amp;ssl=1 212w, https:\/\/i0.wp.com\/ariatango.com\/wp-content\/uploads\/2026\/03\/BROCHURE-programme-UZES-2026_P3.jpg?resize=768%2C1086&amp;ssl=1 768w, https:\/\/i0.wp.com\/ariatango.com\/wp-content\/uploads\/2026\/03\/BROCHURE-programme-UZES-2026_P3.jpg?resize=1086%2C1536&amp;ssl=1 1086w, https:\/\/i0.wp.com\/ariatango.com\/wp-content\/uploads\/2026\/03\/BROCHURE-programme-UZES-2026_P3.jpg?w=1240&amp;ssl=1 1240w\" sizes=\"auto, (max-width: 656px) 100vw, 656px\" \/><\/figure>\n\n\n\n<figure class=\"wp-block-image size-large\"><img data-recalc-dims=\"1\" loading=\"lazy\" decoding=\"async\" width=\"656\" height=\"928\" data-id=\"1104\" src=\"https:\/\/i0.wp.com\/ariatango.com\/wp-content\/uploads\/2026\/03\/BROCHURE-programme-UZES-2026_P4.jpg?resize=656%2C928&#038;ssl=1\" alt=\"\" class=\"wp-image-1104\" srcset=\"https:\/\/i0.wp.com\/ariatango.com\/wp-content\/uploads\/2026\/03\/BROCHURE-programme-UZES-2026_P4.jpg?resize=724%2C1024&amp;ssl=1 724w, https:\/\/i0.wp.com\/ariatango.com\/wp-content\/uploads\/2026\/03\/BROCHURE-programme-UZES-2026_P4.jpg?resize=212%2C300&amp;ssl=1 212w, https:\/\/i0.wp.com\/ariatango.com\/wp-content\/uploads\/2026\/03\/BROCHURE-programme-UZES-2026_P4.jpg?resize=768%2C1086&amp;ssl=1 768w, https:\/\/i0.wp.com\/ariatango.com\/wp-content\/uploads\/2026\/03\/BROCHURE-programme-UZES-2026_P4.jpg?resize=1086%2C1536&amp;ssl=1 1086w, https:\/\/i0.wp.com\/ariatango.com\/wp-content\/uploads\/2026\/03\/BROCHURE-programme-UZES-2026_P4.jpg?w=1240&amp;ssl=1 1240w\" sizes=\"auto, (max-width: 656px) 100vw, 656px\" \/><\/figure>\n<\/figure>\n\n\n\n<div style=\"height:50px\" aria-hidden=\"true\" class=\"wp-block-spacer\"><\/div>\n\n\n\n<h2 class=\"wp-block-heading has-text-align-center has-text-color\" style=\"color:#4b9398\"><strong>BULLETIN D&rsquo;INSCRIPTION STAGE 2026<\/strong><\/h2>\n\n\n\n<p class=\"has-text-align-center has-text-color\" style=\"color:#4b9398;font-size:20px;font-style:normal;font-weight:400\">\u00e0 remplir et envoyer \u00e0 info@ariatango.fr &#8211;<br>Sinon, vous pouvez vous inscrire directement sur <a href=\"https:\/\/www.helloasso.com\/associations\/ariatango\/evenements\/stage-pays-d-uzes\" type=\"link\" id=\"https:\/\/www.helloasso.com\/associations\/ariatango\/evenements\/stage-pays-d-uzes\" target=\"_blank\" rel=\"noreferrer noopener\"><span style=\"color: #f08421;\" class=\"stk-highlight\">HelloAsso<\/span><\/a><\/p>\n\n\n\n<div data-wp-interactive=\"core\/file\" class=\"wp-block-file\"><object data-wp-bind--hidden=\"!state.hasPdfPreview\" hidden class=\"wp-block-file__embed\" data=\"https:\/\/ariatango.com\/wp-content\/uploads\/2026\/03\/Bulletin-Inscription_UZES-2026_PDF-remplissable.pdf\" type=\"application\/pdf\" style=\"width:100%;height:900px\" aria-label=\"PDF embarqu\u00e9\"><\/object><\/div>\n\n\n\n<div style=\"height:25px\" aria-hidden=\"true\" class=\"wp-block-spacer\"><\/div>\n\n\n\n<div class=\"wp-block-stackable-button-group stk-block-button-group stk-block stk-13a482c\" data-block-id=\"13a482c\"><div class=\"stk-row stk-inner-blocks has-text-align-center stk-block-content stk-button-group\">\n<div class=\"wp-block-stackable-button stk-block-button has-text-align-center stk-block stk-9b37a22\" data-block-id=\"9b37a22\"><style>.stk-9b37a22 {align-items:center !important;display:flex !important;}.stk-9b37a22 .stk-button{min-height:0px !important;background:#f08421 !important;border-top-left-radius:var(--stk--preset--border-radius--full, 9999px) !important;border-top-right-radius:var(--stk--preset--border-radius--full, 9999px) !important;border-bottom-right-radius:var(--stk--preset--border-radius--full, 9999px) !important;border-bottom-left-radius:var(--stk--preset--border-radius--full, 9999px) !important;}.stk-9b37a22 .stk-button__inner-text{color:#fffffe !important;}<\/style><a class=\"stk-link stk-button stk--hover-effect-darken\" href=\"https:\/\/ariatango.com\/wp-content\/uploads\/2026\/03\/BULLETIN-INSCRIPTION_UZES-2026.pdf\" target=\"_blank\" rel=\"noreferrer noopener\"><span class=\"has-text-color stk-button__inner-text\">T\u00e9l\u00e9charger le bulletin d&rsquo;inscription 2026<\/span><\/a><\/div>\n<\/div><\/div>\n\n\n\n<div style=\"height:50px\" aria-hidden=\"true\" class=\"wp-block-spacer\"><\/div>\n\n\n\n<hr class=\"wp-block-separator has-text-color has-alpha-channel-opacity has-background is-style-dots\" style=\"background-color:#4b9398;color:#4b9398\"\/>\n\n\n\n<div style=\"height:25px\" aria-hidden=\"true\" class=\"wp-block-spacer\"><\/div>\n\n\n\n<h3 class=\"wp-block-heading\">Module 1 (4h30) :<\/h3>\n\n\n\n<ul class=\"wp-block-list\">\n<li>Travail sur les techniques de base et les \u00e9l\u00e9ments complexes pour un axe solide et responsable\n<ul class=\"wp-block-list\">\n<li>Vendredi et samedi 14h-15h30 \/ Dimanche 11h-12h30<\/li>\n<\/ul>\n<\/li>\n<\/ul>\n\n\n\n<h3 class=\"wp-block-heading\">Module 2 (4h30) :<\/h3>\n\n\n\n<ul class=\"wp-block-list\">\n<li>Travail sur la circularit\u00e9 pour des tours fluides et r\u00e9ussis\n<ul class=\"wp-block-list\">\n<li>Vendredi et samedi 15h45-17h15 \/ Dimanche 14h-15h30<\/li>\n<\/ul>\n<\/li>\n<\/ul>\n\n\n\n<h3 class=\"wp-block-heading\">Module 3 (3h) :<\/h3>\n\n\n\n<ul class=\"wp-block-list\">\n<li>Etre dans la musique : \u00e9tude des outils rythmiques (acc\u00e9l\u00e9rations, ralentis, contretemps\u2026) pour un tango musical et juste.\n<ul class=\"wp-block-list\">\n<li>Vendredi et samedi 17h30-19h<\/li>\n<\/ul>\n<\/li>\n<\/ul>\n\n\n\n<p>Initiation gratuite ouverte \u00e0 tous&nbsp;: Samedi 11h-12h30<\/p>\n\n\n\n<div style=\"height:25px\" aria-hidden=\"true\" class=\"wp-block-spacer\"><\/div>\n\n\n\n<hr class=\"wp-block-separator has-text-color has-alpha-channel-opacity has-background is-style-dots\" style=\"background-color:#4b9398;color:#4b9398\"\/>\n\n\n\n<div style=\"height:25px\" aria-hidden=\"true\" class=\"wp-block-spacer\"><\/div>\n\n\n\n<div class=\"wp-block-columns is-layout-flex wp-container-core-columns-is-layout-9d6595d7 wp-block-columns-is-layout-flex\">\n<div class=\"wp-block-column is-layout-flow wp-block-column-is-layout-flow\">\n<div class=\"wp-block-buttons is-content-justification-center is-layout-flex wp-container-core-buttons-is-layout-16018d1d wp-block-buttons-is-layout-flex\">\n<div class=\"wp-block-button\"><a class=\"wp-block-button__link has-white-color has-text-color has-background wp-element-button\" href=\"https:\/\/ariatango.com\/index.php\/maestros-uzes\/\" style=\"background-color:#4b9398\">MAESTROS<\/a><\/div>\n<\/div>\n<\/div>\n\n\n\n<div class=\"wp-block-column is-layout-flow wp-block-column-is-layout-flow\">\n<div class=\"wp-block-buttons is-content-justification-center is-layout-flex wp-container-core-buttons-is-layout-16018d1d wp-block-buttons-is-layout-flex\">\n<div class=\"wp-block-button\"><a class=\"wp-block-button__link has-white-color has-text-color has-background wp-element-button\" href=\"https:\/\/ariatango.com\/index.php\/inscription\/\" style=\"background-color:#4b9398\" target=\"_blank\" rel=\"noreferrer noopener\">INSCRIPTION<\/a><\/div>\n<\/div>\n<\/div>\n\n\n\n<div class=\"wp-block-column is-layout-flow wp-block-column-is-layout-flow\">\n<div class=\"wp-block-buttons is-content-justification-center is-layout-flex wp-container-core-buttons-is-layout-16018d1d wp-block-buttons-is-layout-flex\">\n<div class=\"wp-block-button is-style-fill\"><a class=\"wp-block-button__link has-white-color has-text-color has-background wp-element-button\" href=\"https:\/\/ariatango.com\/index.php\/contact\/\" style=\"background-color:#4b9398\" target=\"_blank\" rel=\"noreferrer noopener\">CONTACT<\/a><\/div>\n<\/div>\n<\/div>\n<\/div>\n","protected":false},"excerpt":{"rendered":"<p>3 jours intenses \u00e0 Montaren et St M\u00e9diers, un des plus beaux villages du Gard, tout pr\u00e8s de la somptueuse et splendide cit\u00e9 d\u2019Uz\u00e8s. 12 heures de cours en immersion totale avec F\u00e9d\u00e9rico accompagn\u00e9 de Catherine. 3 milongas en ext\u00e9rieur sur l\u2019esplanade du ch\u00e2teau \u00e0 l\u2019ombre des marronniers. STAGES : Foyer de Montaren rue Principale [&hellip;]<\/p>\n","protected":false},"author":1,"featured_media":0,"parent":0,"menu_order":0,"comment_status":"closed","ping_status":"closed","template":"","meta":{"_coblocks_attr":"","_coblocks_dimensions":"","_coblocks_responsive_height":"","_coblocks_accordion_ie_support":"","_uag_custom_page_level_css":"","footnotes":""},"class_list":["post-576","page","type-page","status-publish","hentry"],"yoast_head":"<!-- This site is optimized with the Yoast SEO plugin v27.3 - https:\/\/yoast.com\/product\/yoast-seo-wordpress\/ -->\n<title>PROGRAMME UZ\u00c8S - Aria Tango<\/title>\n<meta name=\"description\" content=\"Stage Tango Uz\u00e8s - Stage d\u2019\u00e9t\u00e9 niveau avanc\u00e9 semaine intense dans ce village du Gard accueillant, ensoleill\u00e9 et anim\u00e9.\" \/>\n<meta name=\"robots\" content=\"index, follow, max-snippet:-1, max-image-preview:large, max-video-preview:-1\" \/>\n<link rel=\"canonical\" href=\"https:\/\/ariatango.com\/index.php\/programme-uzes\/\" \/>\n<meta property=\"og:locale\" content=\"fr_FR\" \/>\n<meta property=\"og:type\" content=\"article\" \/>\n<meta property=\"og:title\" content=\"PROGRAMME UZ\u00c8S - Aria Tango\" \/>\n<meta property=\"og:description\" content=\"Stage Tango Uz\u00e8s - Stage d\u2019\u00e9t\u00e9 niveau avanc\u00e9 semaine intense dans ce village du Gard accueillant, ensoleill\u00e9 et anim\u00e9.\" \/>\n<meta property=\"og:url\" content=\"https:\/\/ariatango.com\/index.php\/programme-uzes\/\" \/>\n<meta property=\"og:site_name\" content=\"Aria Tango\" \/>\n<meta property=\"article:modified_time\" content=\"2026-03-29T08:07:23+00:00\" \/>\n<meta property=\"og:image\" content=\"https:\/\/ariatango.com\/wp-content\/uploads\/2026\/03\/BROCHURE-programme-UZES-2026_P1-724x1024.jpg\" \/>\n<meta name=\"twitter:card\" content=\"summary_large_image\" \/>\n<meta name=\"twitter:label1\" content=\"Dur\u00e9e de lecture estim\u00e9e\" \/>\n\t<meta name=\"twitter:data1\" content=\"2 minutes\" \/>\n<script type=\"application\/ld+json\" class=\"yoast-schema-graph\">{\"@context\":\"https:\\\/\\\/schema.org\",\"@graph\":[{\"@type\":\"WebPage\",\"@id\":\"https:\\\/\\\/ariatango.com\\\/index.php\\\/programme-uzes\\\/\",\"url\":\"https:\\\/\\\/ariatango.com\\\/index.php\\\/programme-uzes\\\/\",\"name\":\"PROGRAMME UZ\u00c8S - Aria Tango\",\"isPartOf\":{\"@id\":\"https:\\\/\\\/ariatango.com\\\/#website\"},\"primaryImageOfPage\":{\"@id\":\"https:\\\/\\\/ariatango.com\\\/index.php\\\/programme-uzes\\\/#primaryimage\"},\"image\":{\"@id\":\"https:\\\/\\\/ariatango.com\\\/index.php\\\/programme-uzes\\\/#primaryimage\"},\"thumbnailUrl\":\"https:\\\/\\\/ariatango.com\\\/wp-content\\\/uploads\\\/2026\\\/03\\\/BROCHURE-programme-UZES-2026_P1-724x1024.jpg\",\"datePublished\":\"2026-01-04T13:17:18+00:00\",\"dateModified\":\"2026-03-29T08:07:23+00:00\",\"description\":\"Stage Tango Uz\u00e8s - Stage d\u2019\u00e9t\u00e9 niveau avanc\u00e9 semaine intense dans ce village du Gard accueillant, ensoleill\u00e9 et anim\u00e9.\",\"breadcrumb\":{\"@id\":\"https:\\\/\\\/ariatango.com\\\/index.php\\\/programme-uzes\\\/#breadcrumb\"},\"inLanguage\":\"fr-FR\",\"potentialAction\":[{\"@type\":\"ReadAction\",\"target\":[\"https:\\\/\\\/ariatango.com\\\/index.php\\\/programme-uzes\\\/\"]}]},{\"@type\":\"ImageObject\",\"inLanguage\":\"fr-FR\",\"@id\":\"https:\\\/\\\/ariatango.com\\\/index.php\\\/programme-uzes\\\/#primaryimage\",\"url\":\"https:\\\/\\\/i0.wp.com\\\/ariatango.com\\\/wp-content\\\/uploads\\\/2026\\\/03\\\/BROCHURE-programme-UZES-2026_P1.jpg?fit=1240%2C1754&ssl=1\",\"contentUrl\":\"https:\\\/\\\/i0.wp.com\\\/ariatango.com\\\/wp-content\\\/uploads\\\/2026\\\/03\\\/BROCHURE-programme-UZES-2026_P1.jpg?fit=1240%2C1754&ssl=1\",\"width\":1240,\"height\":1754},{\"@type\":\"BreadcrumbList\",\"@id\":\"https:\\\/\\\/ariatango.com\\\/index.php\\\/programme-uzes\\\/#breadcrumb\",\"itemListElement\":[{\"@type\":\"ListItem\",\"position\":1,\"name\":\"Accueil\",\"item\":\"https:\\\/\\\/ariatango.com\\\/\"},{\"@type\":\"ListItem\",\"position\":2,\"name\":\"PROGRAMME UZ\u00c8S\"}]},{\"@type\":\"WebSite\",\"@id\":\"https:\\\/\\\/ariatango.com\\\/#website\",\"url\":\"https:\\\/\\\/ariatango.com\\\/\",\"name\":\"Aria Tango\",\"description\":\"info@ariatango.com  -  https:\\\/\\\/ariatango.com  - 06 17 67 33 59\",\"publisher\":{\"@id\":\"https:\\\/\\\/ariatango.com\\\/#organization\"},\"potentialAction\":[{\"@type\":\"SearchAction\",\"target\":{\"@type\":\"EntryPoint\",\"urlTemplate\":\"https:\\\/\\\/ariatango.com\\\/?s={search_term_string}\"},\"query-input\":{\"@type\":\"PropertyValueSpecification\",\"valueRequired\":true,\"valueName\":\"search_term_string\"}}],\"inLanguage\":\"fr-FR\"},{\"@type\":\"Organization\",\"@id\":\"https:\\\/\\\/ariatango.com\\\/#organization\",\"name\":\"Aria Tango\",\"url\":\"https:\\\/\\\/ariatango.com\\\/\",\"logo\":{\"@type\":\"ImageObject\",\"inLanguage\":\"fr-FR\",\"@id\":\"https:\\\/\\\/ariatango.com\\\/#\\\/schema\\\/logo\\\/image\\\/\",\"url\":\"http:\\\/\\\/ariatango.com\\\/wp-content\\\/uploads\\\/2023\\\/02\\\/LOGO-ARIA-TANGO.png\",\"contentUrl\":\"http:\\\/\\\/ariatango.com\\\/wp-content\\\/uploads\\\/2023\\\/02\\\/LOGO-ARIA-TANGO.png\",\"width\":1247,\"height\":197,\"caption\":\"Aria Tango\"},\"image\":{\"@id\":\"https:\\\/\\\/ariatango.com\\\/#\\\/schema\\\/logo\\\/image\\\/\"}}]}<\/script>\n<!-- \/ Yoast SEO plugin. -->","yoast_head_json":{"title":"PROGRAMME UZ\u00c8S - Aria Tango","description":"Stage Tango Uz\u00e8s - Stage d\u2019\u00e9t\u00e9 niveau avanc\u00e9 semaine intense dans ce village du Gard accueillant, ensoleill\u00e9 et anim\u00e9.","robots":{"index":"index","follow":"follow","max-snippet":"max-snippet:-1","max-image-preview":"max-image-preview:large","max-video-preview":"max-video-preview:-1"},"canonical":"https:\/\/ariatango.com\/index.php\/programme-uzes\/","og_locale":"fr_FR","og_type":"article","og_title":"PROGRAMME UZ\u00c8S - Aria Tango","og_description":"Stage Tango Uz\u00e8s - Stage d\u2019\u00e9t\u00e9 niveau avanc\u00e9 semaine intense dans ce village du Gard accueillant, ensoleill\u00e9 et anim\u00e9.","og_url":"https:\/\/ariatango.com\/index.php\/programme-uzes\/","og_site_name":"Aria Tango","article_modified_time":"2026-03-29T08:07:23+00:00","og_image":[{"url":"https:\/\/ariatango.com\/wp-content\/uploads\/2026\/03\/BROCHURE-programme-UZES-2026_P1-724x1024.jpg","type":"","width":"","height":""}],"twitter_card":"summary_large_image","twitter_misc":{"Dur\u00e9e de lecture estim\u00e9e":"2 minutes"},"schema":{"@context":"https:\/\/schema.org","@graph":[{"@type":"WebPage","@id":"https:\/\/ariatango.com\/index.php\/programme-uzes\/","url":"https:\/\/ariatango.com\/index.php\/programme-uzes\/","name":"PROGRAMME UZ\u00c8S - Aria Tango","isPartOf":{"@id":"https:\/\/ariatango.com\/#website"},"primaryImageOfPage":{"@id":"https:\/\/ariatango.com\/index.php\/programme-uzes\/#primaryimage"},"image":{"@id":"https:\/\/ariatango.com\/index.php\/programme-uzes\/#primaryimage"},"thumbnailUrl":"https:\/\/ariatango.com\/wp-content\/uploads\/2026\/03\/BROCHURE-programme-UZES-2026_P1-724x1024.jpg","datePublished":"2026-01-04T13:17:18+00:00","dateModified":"2026-03-29T08:07:23+00:00","description":"Stage Tango Uz\u00e8s - Stage d\u2019\u00e9t\u00e9 niveau avanc\u00e9 semaine intense dans ce village du Gard accueillant, ensoleill\u00e9 et anim\u00e9.","breadcrumb":{"@id":"https:\/\/ariatango.com\/index.php\/programme-uzes\/#breadcrumb"},"inLanguage":"fr-FR","potentialAction":[{"@type":"ReadAction","target":["https:\/\/ariatango.com\/index.php\/programme-uzes\/"]}]},{"@type":"ImageObject","inLanguage":"fr-FR","@id":"https:\/\/ariatango.com\/index.php\/programme-uzes\/#primaryimage","url":"https:\/\/i0.wp.com\/ariatango.com\/wp-content\/uploads\/2026\/03\/BROCHURE-programme-UZES-2026_P1.jpg?fit=1240%2C1754&ssl=1","contentUrl":"https:\/\/i0.wp.com\/ariatango.com\/wp-content\/uploads\/2026\/03\/BROCHURE-programme-UZES-2026_P1.jpg?fit=1240%2C1754&ssl=1","width":1240,"height":1754},{"@type":"BreadcrumbList","@id":"https:\/\/ariatango.com\/index.php\/programme-uzes\/#breadcrumb","itemListElement":[{"@type":"ListItem","position":1,"name":"Accueil","item":"https:\/\/ariatango.com\/"},{"@type":"ListItem","position":2,"name":"PROGRAMME UZ\u00c8S"}]},{"@type":"WebSite","@id":"https:\/\/ariatango.com\/#website","url":"https:\/\/ariatango.com\/","name":"Aria Tango","description":"info@ariatango.com  -  https:\/\/ariatango.com  - 06 17 67 33 59","publisher":{"@id":"https:\/\/ariatango.com\/#organization"},"potentialAction":[{"@type":"SearchAction","target":{"@type":"EntryPoint","urlTemplate":"https:\/\/ariatango.com\/?s={search_term_string}"},"query-input":{"@type":"PropertyValueSpecification","valueRequired":true,"valueName":"search_term_string"}}],"inLanguage":"fr-FR"},{"@type":"Organization","@id":"https:\/\/ariatango.com\/#organization","name":"Aria Tango","url":"https:\/\/ariatango.com\/","logo":{"@type":"ImageObject","inLanguage":"fr-FR","@id":"https:\/\/ariatango.com\/#\/schema\/logo\/image\/","url":"http:\/\/ariatango.com\/wp-content\/uploads\/2023\/02\/LOGO-ARIA-TANGO.png","contentUrl":"http:\/\/ariatango.com\/wp-content\/uploads\/2023\/02\/LOGO-ARIA-TANGO.png","width":1247,"height":197,"caption":"Aria Tango"},"image":{"@id":"https:\/\/ariatango.com\/#\/schema\/logo\/image\/"}}]}},"featured_image_src":null,"featured_image_src_square":null,"uagb_featured_image_src":{"full":false,"thumbnail":false,"medium":false,"medium_large":false,"large":false,"1536x1536":false,"2048x2048":false,"ab-block-post-grid-landscape":false,"ab-block-post-grid-square":false,"penscratch-featured":false,"penscratch-site-logo":false},"uagb_author_info":{"display_name":"Ariatango412","author_link":"https:\/\/ariatango.com\/index.php\/author\/ariatango412\/"},"uagb_comment_info":0,"uagb_excerpt":"3 jours intenses \u00e0 Montaren et St M\u00e9diers, un des plus beaux villages du Gard, tout pr\u00e8s de la somptueuse et splendide cit\u00e9 d\u2019Uz\u00e8s. 12 heures de cours en immersion totale avec F\u00e9d\u00e9rico accompagn\u00e9 de Catherine. 3 milongas en ext\u00e9rieur sur l\u2019esplanade du ch\u00e2teau \u00e0 l\u2019ombre des marronniers. STAGES : Foyer de Montaren rue Principale\u2026","jetpack-related-posts":[],"jetpack_sharing_enabled":true,"_links":{"self":[{"href":"https:\/\/ariatango.com\/index.php\/wp-json\/wp\/v2\/pages\/576","targetHints":{"allow":["GET"]}}],"collection":[{"href":"https:\/\/ariatango.com\/index.php\/wp-json\/wp\/v2\/pages"}],"about":[{"href":"https:\/\/ariatango.com\/index.php\/wp-json\/wp\/v2\/types\/page"}],"author":[{"embeddable":true,"href":"https:\/\/ariatango.com\/index.php\/wp-json\/wp\/v2\/users\/1"}],"replies":[{"embeddable":true,"href":"https:\/\/ariatango.com\/index.php\/wp-json\/wp\/v2\/comments?post=576"}],"version-history":[{"count":39,"href":"https:\/\/ariatango.com\/index.php\/wp-json\/wp\/v2\/pages\/576\/revisions"}],"predecessor-version":[{"id":1138,"href":"https:\/\/ariatango.com\/index.php\/wp-json\/wp\/v2\/pages\/576\/revisions\/1138"}],"wp:attachment":[{"href":"https:\/\/ariatango.com\/index.php\/wp-json\/wp\/v2\/media?parent=576"}],"curies":[{"name":"wp","href":"https:\/\/api.w.org\/{rel}","templated":true}]}}