{"id":63,"date":"2023-02-27T18:21:39","date_gmt":"2023-02-27T17:21:39","guid":{"rendered":"http:\/\/ariatango.com\/?page_id=63"},"modified":"2026-02-09T11:22:43","modified_gmt":"2026-02-09T10:22:43","slug":"maestros-anduze","status":"publish","type":"page","link":"https:\/\/ariatango.com\/index.php\/maestros-anduze\/","title":{"rendered":"MAESTROS  ANDUZE"},"content":{"rendered":"\n<div style=\"height:20px\" aria-hidden=\"true\" class=\"wp-block-spacer\"><\/div>\n\n\n\n<h2 class=\"wp-block-heading has-text-color\" style=\"color:#4b9398\">Jean S\u00e9bastien RAMPAZZI, danseur &amp; chor\u00e9graphe<\/h2>\n\n\n\n<div class=\"wp-block-media-text alignwide is-stacked-on-mobile\"><figure class=\"wp-block-media-text__media\"><img data-recalc-dims=\"1\" loading=\"lazy\" decoding=\"async\" width=\"656\" height=\"488\" src=\"https:\/\/i0.wp.com\/ariatango.com\/wp-content\/uploads\/2023\/02\/Jean-Sebastien-Rampazzy.jpg?resize=656%2C488&#038;ssl=1\" alt=\"\" class=\"wp-image-16 size-full\" srcset=\"https:\/\/i0.wp.com\/ariatango.com\/wp-content\/uploads\/2023\/02\/Jean-Sebastien-Rampazzy.jpg?resize=1024%2C761&amp;ssl=1 1024w, https:\/\/i0.wp.com\/ariatango.com\/wp-content\/uploads\/2023\/02\/Jean-Sebastien-Rampazzy.jpg?resize=300%2C223&amp;ssl=1 300w, https:\/\/i0.wp.com\/ariatango.com\/wp-content\/uploads\/2023\/02\/Jean-Sebastien-Rampazzy.jpg?resize=768%2C571&amp;ssl=1 768w, https:\/\/i0.wp.com\/ariatango.com\/wp-content\/uploads\/2023\/02\/Jean-Sebastien-Rampazzy.jpg?w=1036&amp;ssl=1 1036w\" sizes=\"auto, (max-width: 656px) 100vw, 656px\" \/><\/figure><div class=\"wp-block-media-text__content\">\n<p>En juin 1995, alors qu\u2019il vient tout juste d\u2019\u00eatre dipl\u00f4m\u00e9 d\u2019une Grande \u00e9cole parisienne, Jean-S\u00e9bastien Rampazzi fait ses premiers pas de tango\u2026<\/p>\n\n\n\n<p>Deux ans plus tard il r\u00e9alise une performance \u00e0 la G\u00e9ode (Paris) et il est invit\u00e9 \u00e0 enseigner et \u00e0 se produire \u00e0 Oslo. <\/p>\n<\/div><\/div>\n\n\n\n<p>D\u00e9bute alors une carri\u00e8re internationale de danseur et d\u2019enseignant de tango argentin qui le conduit encore aujourd\u2019hui \u00e0 r\u00e9aliser des tourn\u00e9es dans le monde entier.<\/p>\n\n\n\n<p>Il a&nbsp;chor\u00e9graphi\u00e9 plusieurs spectacles pour sa propre compagnie, cr\u00e9\u00e9e en 2004, avec lesquels il&nbsp;s\u2019est produit \u00e0 la Cit\u00e9 de la Musique et au&nbsp;th\u00e9\u00e2tre de la Bastille, \u00e0 Paris,&nbsp;\u00e0 la Philharmonie de Berlin, \u00e0 l\u2019op\u00e9ra de Varsovie\u2026<\/p>\n\n\n\n<div style=\"height:50px\" aria-hidden=\"true\" class=\"wp-block-spacer\"><\/div>\n\n\n\n<h2 class=\"wp-block-heading has-text-color\" style=\"color:#4b9398\">Catherine BOUCHER, danseuse &amp; professeure<\/h2>\n\n\n\n<div class=\"wp-block-media-text alignwide is-stacked-on-mobile\" style=\"grid-template-columns:48% auto\"><figure class=\"wp-block-media-text__media\"><img data-recalc-dims=\"1\" loading=\"lazy\" decoding=\"async\" width=\"656\" height=\"571\" src=\"https:\/\/i0.wp.com\/ariatango.com\/wp-content\/uploads\/2025\/01\/abrazo-2-NB_version-modifiee1.jpg?resize=656%2C571&#038;ssl=1\" alt=\"\" class=\"wp-image-470 size-full\" srcset=\"https:\/\/i0.wp.com\/ariatango.com\/wp-content\/uploads\/2025\/01\/abrazo-2-NB_version-modifiee1.jpg?resize=1024%2C891&amp;ssl=1 1024w, https:\/\/i0.wp.com\/ariatango.com\/wp-content\/uploads\/2025\/01\/abrazo-2-NB_version-modifiee1.jpg?resize=300%2C261&amp;ssl=1 300w, https:\/\/i0.wp.com\/ariatango.com\/wp-content\/uploads\/2025\/01\/abrazo-2-NB_version-modifiee1.jpg?resize=768%2C668&amp;ssl=1 768w, https:\/\/i0.wp.com\/ariatango.com\/wp-content\/uploads\/2025\/01\/abrazo-2-NB_version-modifiee1.jpg?resize=1536%2C1337&amp;ssl=1 1536w, https:\/\/i0.wp.com\/ariatango.com\/wp-content\/uploads\/2025\/01\/abrazo-2-NB_version-modifiee1.jpg?resize=2048%2C1782&amp;ssl=1 2048w, https:\/\/i0.wp.com\/ariatango.com\/wp-content\/uploads\/2025\/01\/abrazo-2-NB_version-modifiee1.jpg?resize=1320%2C1149&amp;ssl=1 1320w, https:\/\/i0.wp.com\/ariatango.com\/wp-content\/uploads\/2025\/01\/abrazo-2-NB_version-modifiee1.jpg?w=1968&amp;ssl=1 1968w\" sizes=\"auto, (max-width: 656px) 100vw, 656px\" \/><\/figure><div class=\"wp-block-media-text__content\">\n<p>Artiste chor\u00e9graphique de formation classique, jazz et contemporain, professeur de danse Dipl\u00f4m\u00e9e d\u2019Etat, elle s\u2019oriente ensuite vers toutes les danses de couple (rock, swing, standards, latines, salsa), et leur enseignement.<\/p>\n<\/div><\/div>\n\n\n\n<div style=\"height:20px\" aria-hidden=\"true\" class=\"wp-block-spacer\"><\/div>\n\n\n\n<p>Lorsqu&rsquo;elle d\u00e9couvre le tango argentin en 1988, la fascination est imm\u00e9diate. Apr\u00e8s avoir fait ses premiers pas dans un style de tango classique, elle explore en profondeur le courant Nuevo et parcourt la France et l&rsquo;\u00e9tranger pour donner des stages et se produire en d\u00e9monstrations.<\/p>\n\n\n\n<p>Danseuse subtile, elle allie grande technicit\u00e9 \u00e0 un style unique, gracieux et \u00e9l\u00e9gant. Elle enseigne le tango depuis 2006.<\/p>\n\n\n\n<hr class=\"wp-block-separator has-text-color has-alpha-channel-opacity has-background is-style-dots\" style=\"background-color:#4b9398;color:#4b9398\"\/>\n\n\n\n<figure class=\"wp-block-image\"><img data-recalc-dims=\"1\" loading=\"lazy\" decoding=\"async\" width=\"656\" height=\"461\" src=\"https:\/\/i0.wp.com\/ariatango.com\/wp-content\/uploads\/2023\/02\/Catherine-Boucher-Jean-Sebastien-Rampazzy.jpg?resize=656%2C461&#038;ssl=1\" alt=\"\" class=\"wp-image-13\" srcset=\"https:\/\/i0.wp.com\/ariatango.com\/wp-content\/uploads\/2023\/02\/Catherine-Boucher-Jean-Sebastien-Rampazzy.jpg?resize=1024%2C720&amp;ssl=1 1024w, https:\/\/i0.wp.com\/ariatango.com\/wp-content\/uploads\/2023\/02\/Catherine-Boucher-Jean-Sebastien-Rampazzy.jpg?resize=300%2C211&amp;ssl=1 300w, https:\/\/i0.wp.com\/ariatango.com\/wp-content\/uploads\/2023\/02\/Catherine-Boucher-Jean-Sebastien-Rampazzy.jpg?resize=768%2C540&amp;ssl=1 768w, https:\/\/i0.wp.com\/ariatango.com\/wp-content\/uploads\/2023\/02\/Catherine-Boucher-Jean-Sebastien-Rampazzy.jpg?w=1386&amp;ssl=1 1386w, https:\/\/i0.wp.com\/ariatango.com\/wp-content\/uploads\/2023\/02\/Catherine-Boucher-Jean-Sebastien-Rampazzy.jpg?w=1312&amp;ssl=1 1312w\" sizes=\"auto, (max-width: 656px) 100vw, 656px\" \/><\/figure>\n\n\n\n<div style=\"height:25px\" aria-hidden=\"true\" class=\"wp-block-spacer\"><\/div>\n\n\n\n<hr class=\"wp-block-separator has-text-color has-alpha-channel-opacity has-background is-style-dots\" style=\"background-color:#4b9398;color:#4b9398\"\/>\n\n\n\n<div style=\"height:25px\" aria-hidden=\"true\" class=\"wp-block-spacer\"><\/div>\n\n\n\n<div class=\"wp-block-columns is-layout-flex wp-container-core-columns-is-layout-9d6595d7 wp-block-columns-is-layout-flex\">\n<div class=\"wp-block-column is-layout-flow wp-block-column-is-layout-flow\">\n<div class=\"wp-block-buttons is-content-justification-center is-layout-flex wp-container-core-buttons-is-layout-16018d1d wp-block-buttons-is-layout-flex\">\n<div class=\"wp-block-button\"><a class=\"wp-block-button__link has-white-color has-text-color has-background wp-element-button\" href=\"https:\/\/ariatango.com\/index.php\/programme\/\" style=\"background-color:#4b9398\">PROGRAMME<\/a><\/div>\n<\/div>\n<\/div>\n\n\n\n<div class=\"wp-block-column is-layout-flow wp-block-column-is-layout-flow\">\n<div class=\"wp-block-buttons is-content-justification-center is-layout-flex wp-container-core-buttons-is-layout-16018d1d wp-block-buttons-is-layout-flex\">\n<div class=\"wp-block-button\"><a class=\"wp-block-button__link has-white-color has-text-color has-background wp-element-button\" href=\"https:\/\/ariatango.com\/index.php\/inscription\/\" style=\"background-color:#4b9398\" target=\"_blank\" rel=\"noreferrer noopener\">INSCRIPTION<\/a><\/div>\n<\/div>\n<\/div>\n\n\n\n<div class=\"wp-block-column is-layout-flow wp-block-column-is-layout-flow\">\n<div class=\"wp-block-buttons is-content-justification-center is-layout-flex wp-container-core-buttons-is-layout-16018d1d wp-block-buttons-is-layout-flex\">\n<div class=\"wp-block-button is-style-fill\"><a class=\"wp-block-button__link has-white-color has-text-color has-background wp-element-button\" href=\"https:\/\/ariatango.com\/index.php\/contact\/\" style=\"background-color:#4b9398\" target=\"_blank\" rel=\"noreferrer noopener\">CONTACT<\/a><\/div>\n<\/div>\n<\/div>\n<\/div>\n\n\n\n<p><\/p>\n","protected":false},"excerpt":{"rendered":"<p>Jean S\u00e9bastien RAMPAZZI, danseur &amp; chor\u00e9graphe En juin 1995, alors qu\u2019il vient tout juste d\u2019\u00eatre dipl\u00f4m\u00e9 d\u2019une Grande \u00e9cole parisienne, Jean-S\u00e9bastien Rampazzi fait ses premiers pas de tango\u2026 Deux ans plus tard il r\u00e9alise une performance \u00e0 la G\u00e9ode (Paris) et il est invit\u00e9 \u00e0 enseigner et \u00e0 se produire \u00e0 Oslo. D\u00e9bute alors une [&hellip;]<\/p>\n","protected":false},"author":1,"featured_media":0,"parent":0,"menu_order":0,"comment_status":"closed","ping_status":"closed","template":"","meta":{"_coblocks_attr":"","_coblocks_dimensions":"","_coblocks_responsive_height":"","_coblocks_accordion_ie_support":"","_uag_custom_page_level_css":"","footnotes":""},"class_list":["post-63","page","type-page","status-publish","hentry"],"yoast_head":"<!-- This site is optimized with the Yoast SEO plugin v27.3 - https:\/\/yoast.com\/product\/yoast-seo-wordpress\/ -->\n<title>MAESTROS ANDUZE - Aria Tango<\/title>\n<meta name=\"description\" content=\"Les Maestros : Jean S\u00e9bastien RAMPAZZI, danseur &amp; chor\u00e9graphe. Il a chor\u00e9graphi\u00e9 plusieurs spectacles pour sa propre compagnie, cr\u00e9\u00e9e en 2004, avec lesquels il s\u2019est produit \u00e0 la Cit\u00e9 de la Musique et au th\u00e9\u00e2tre de la Bastille, \u00e0 Paris, \u00e0 la Philharmonie de Berlin, \u00e0 l\u2019op\u00e9ra de Varsovie\u2026 Catherine BOUCHER, danseuse &amp; professeure,danseuse subtile, elle allie grande technicit\u00e9 \u00e0 un style unique, gracieux et \u00e9l\u00e9gant. Elle enseigne le tango depuis 2006 et dans son \u00e9cole pr\u00e8s de Versailles depuis 2009.\" \/>\n<meta name=\"robots\" content=\"index, follow, max-snippet:-1, max-image-preview:large, max-video-preview:-1\" \/>\n<link rel=\"canonical\" href=\"https:\/\/ariatango.com\/index.php\/maestros-anduze\/\" \/>\n<meta property=\"og:locale\" content=\"fr_FR\" \/>\n<meta property=\"og:type\" content=\"article\" \/>\n<meta property=\"og:title\" content=\"MAESTROS ANDUZE - Aria Tango\" \/>\n<meta property=\"og:description\" content=\"Les Maestros : Jean S\u00e9bastien RAMPAZZI, danseur &amp; chor\u00e9graphe. Il a chor\u00e9graphi\u00e9 plusieurs spectacles pour sa propre compagnie, cr\u00e9\u00e9e en 2004, avec lesquels il s\u2019est produit \u00e0 la Cit\u00e9 de la Musique et au th\u00e9\u00e2tre de la Bastille, \u00e0 Paris, \u00e0 la Philharmonie de Berlin, \u00e0 l\u2019op\u00e9ra de Varsovie\u2026 Catherine BOUCHER, danseuse &amp; professeure,danseuse subtile, elle allie grande technicit\u00e9 \u00e0 un style unique, gracieux et \u00e9l\u00e9gant. Elle enseigne le tango depuis 2006 et dans son \u00e9cole pr\u00e8s de Versailles depuis 2009.\" \/>\n<meta property=\"og:url\" content=\"https:\/\/ariatango.com\/index.php\/maestros-anduze\/\" \/>\n<meta property=\"og:site_name\" content=\"Aria Tango\" \/>\n<meta property=\"article:modified_time\" content=\"2026-02-09T10:22:43+00:00\" \/>\n<meta property=\"og:image\" content=\"https:\/\/ariatango.com\/wp-content\/uploads\/2023\/02\/Jean-Sebastien-Rampazzy-1024x761.jpg\" \/>\n<meta name=\"twitter:card\" content=\"summary_large_image\" \/>\n<meta name=\"twitter:label1\" content=\"Dur\u00e9e de lecture estim\u00e9e\" \/>\n\t<meta name=\"twitter:data1\" content=\"2 minutes\" \/>\n<script type=\"application\/ld+json\" class=\"yoast-schema-graph\">{\"@context\":\"https:\\\/\\\/schema.org\",\"@graph\":[{\"@type\":\"WebPage\",\"@id\":\"https:\\\/\\\/ariatango.com\\\/index.php\\\/maestros-anduze\\\/\",\"url\":\"https:\\\/\\\/ariatango.com\\\/index.php\\\/maestros-anduze\\\/\",\"name\":\"MAESTROS ANDUZE - Aria Tango\",\"isPartOf\":{\"@id\":\"https:\\\/\\\/ariatango.com\\\/#website\"},\"primaryImageOfPage\":{\"@id\":\"https:\\\/\\\/ariatango.com\\\/index.php\\\/maestros-anduze\\\/#primaryimage\"},\"image\":{\"@id\":\"https:\\\/\\\/ariatango.com\\\/index.php\\\/maestros-anduze\\\/#primaryimage\"},\"thumbnailUrl\":\"https:\\\/\\\/ariatango.com\\\/wp-content\\\/uploads\\\/2023\\\/02\\\/Jean-Sebastien-Rampazzy-1024x761.jpg\",\"datePublished\":\"2023-02-27T17:21:39+00:00\",\"dateModified\":\"2026-02-09T10:22:43+00:00\",\"description\":\"Les Maestros : Jean S\u00e9bastien RAMPAZZI, danseur & chor\u00e9graphe. Il a chor\u00e9graphi\u00e9 plusieurs spectacles pour sa propre compagnie, cr\u00e9\u00e9e en 2004, avec lesquels il s\u2019est produit \u00e0 la Cit\u00e9 de la Musique et au th\u00e9\u00e2tre de la Bastille, \u00e0 Paris, \u00e0 la Philharmonie de Berlin, \u00e0 l\u2019op\u00e9ra de Varsovie\u2026 Catherine BOUCHER, danseuse & professeure,danseuse subtile, elle allie grande technicit\u00e9 \u00e0 un style unique, gracieux et \u00e9l\u00e9gant. Elle enseigne le tango depuis 2006 et dans son \u00e9cole pr\u00e8s de Versailles depuis 2009.\",\"breadcrumb\":{\"@id\":\"https:\\\/\\\/ariatango.com\\\/index.php\\\/maestros-anduze\\\/#breadcrumb\"},\"inLanguage\":\"fr-FR\",\"potentialAction\":[{\"@type\":\"ReadAction\",\"target\":[\"https:\\\/\\\/ariatango.com\\\/index.php\\\/maestros-anduze\\\/\"]}]},{\"@type\":\"ImageObject\",\"inLanguage\":\"fr-FR\",\"@id\":\"https:\\\/\\\/ariatango.com\\\/index.php\\\/maestros-anduze\\\/#primaryimage\",\"url\":\"https:\\\/\\\/i0.wp.com\\\/ariatango.com\\\/wp-content\\\/uploads\\\/2023\\\/02\\\/Jean-Sebastien-Rampazzy.jpg?fit=1036%2C770&ssl=1\",\"contentUrl\":\"https:\\\/\\\/i0.wp.com\\\/ariatango.com\\\/wp-content\\\/uploads\\\/2023\\\/02\\\/Jean-Sebastien-Rampazzy.jpg?fit=1036%2C770&ssl=1\",\"width\":1036,\"height\":770},{\"@type\":\"BreadcrumbList\",\"@id\":\"https:\\\/\\\/ariatango.com\\\/index.php\\\/maestros-anduze\\\/#breadcrumb\",\"itemListElement\":[{\"@type\":\"ListItem\",\"position\":1,\"name\":\"Accueil\",\"item\":\"https:\\\/\\\/ariatango.com\\\/\"},{\"@type\":\"ListItem\",\"position\":2,\"name\":\"MAESTROS ANDUZE\"}]},{\"@type\":\"WebSite\",\"@id\":\"https:\\\/\\\/ariatango.com\\\/#website\",\"url\":\"https:\\\/\\\/ariatango.com\\\/\",\"name\":\"Aria Tango\",\"description\":\"info@ariatango.com  -  https:\\\/\\\/ariatango.com  - 06 17 67 33 59\",\"publisher\":{\"@id\":\"https:\\\/\\\/ariatango.com\\\/#organization\"},\"potentialAction\":[{\"@type\":\"SearchAction\",\"target\":{\"@type\":\"EntryPoint\",\"urlTemplate\":\"https:\\\/\\\/ariatango.com\\\/?s={search_term_string}\"},\"query-input\":{\"@type\":\"PropertyValueSpecification\",\"valueRequired\":true,\"valueName\":\"search_term_string\"}}],\"inLanguage\":\"fr-FR\"},{\"@type\":\"Organization\",\"@id\":\"https:\\\/\\\/ariatango.com\\\/#organization\",\"name\":\"Aria Tango\",\"url\":\"https:\\\/\\\/ariatango.com\\\/\",\"logo\":{\"@type\":\"ImageObject\",\"inLanguage\":\"fr-FR\",\"@id\":\"https:\\\/\\\/ariatango.com\\\/#\\\/schema\\\/logo\\\/image\\\/\",\"url\":\"http:\\\/\\\/ariatango.com\\\/wp-content\\\/uploads\\\/2023\\\/02\\\/LOGO-ARIA-TANGO.png\",\"contentUrl\":\"http:\\\/\\\/ariatango.com\\\/wp-content\\\/uploads\\\/2023\\\/02\\\/LOGO-ARIA-TANGO.png\",\"width\":1247,\"height\":197,\"caption\":\"Aria Tango\"},\"image\":{\"@id\":\"https:\\\/\\\/ariatango.com\\\/#\\\/schema\\\/logo\\\/image\\\/\"}}]}<\/script>\n<!-- \/ Yoast SEO plugin. -->","yoast_head_json":{"title":"MAESTROS ANDUZE - Aria Tango","description":"Les Maestros : Jean S\u00e9bastien RAMPAZZI, danseur & chor\u00e9graphe. Il a chor\u00e9graphi\u00e9 plusieurs spectacles pour sa propre compagnie, cr\u00e9\u00e9e en 2004, avec lesquels il s\u2019est produit \u00e0 la Cit\u00e9 de la Musique et au th\u00e9\u00e2tre de la Bastille, \u00e0 Paris, \u00e0 la Philharmonie de Berlin, \u00e0 l\u2019op\u00e9ra de Varsovie\u2026 Catherine BOUCHER, danseuse & professeure,danseuse subtile, elle allie grande technicit\u00e9 \u00e0 un style unique, gracieux et \u00e9l\u00e9gant. Elle enseigne le tango depuis 2006 et dans son \u00e9cole pr\u00e8s de Versailles depuis 2009.","robots":{"index":"index","follow":"follow","max-snippet":"max-snippet:-1","max-image-preview":"max-image-preview:large","max-video-preview":"max-video-preview:-1"},"canonical":"https:\/\/ariatango.com\/index.php\/maestros-anduze\/","og_locale":"fr_FR","og_type":"article","og_title":"MAESTROS ANDUZE - Aria Tango","og_description":"Les Maestros : Jean S\u00e9bastien RAMPAZZI, danseur & chor\u00e9graphe. Il a chor\u00e9graphi\u00e9 plusieurs spectacles pour sa propre compagnie, cr\u00e9\u00e9e en 2004, avec lesquels il s\u2019est produit \u00e0 la Cit\u00e9 de la Musique et au th\u00e9\u00e2tre de la Bastille, \u00e0 Paris, \u00e0 la Philharmonie de Berlin, \u00e0 l\u2019op\u00e9ra de Varsovie\u2026 Catherine BOUCHER, danseuse & professeure,danseuse subtile, elle allie grande technicit\u00e9 \u00e0 un style unique, gracieux et \u00e9l\u00e9gant. Elle enseigne le tango depuis 2006 et dans son \u00e9cole pr\u00e8s de Versailles depuis 2009.","og_url":"https:\/\/ariatango.com\/index.php\/maestros-anduze\/","og_site_name":"Aria Tango","article_modified_time":"2026-02-09T10:22:43+00:00","og_image":[{"url":"https:\/\/ariatango.com\/wp-content\/uploads\/2023\/02\/Jean-Sebastien-Rampazzy-1024x761.jpg","type":"","width":"","height":""}],"twitter_card":"summary_large_image","twitter_misc":{"Dur\u00e9e de lecture estim\u00e9e":"2 minutes"},"schema":{"@context":"https:\/\/schema.org","@graph":[{"@type":"WebPage","@id":"https:\/\/ariatango.com\/index.php\/maestros-anduze\/","url":"https:\/\/ariatango.com\/index.php\/maestros-anduze\/","name":"MAESTROS ANDUZE - Aria Tango","isPartOf":{"@id":"https:\/\/ariatango.com\/#website"},"primaryImageOfPage":{"@id":"https:\/\/ariatango.com\/index.php\/maestros-anduze\/#primaryimage"},"image":{"@id":"https:\/\/ariatango.com\/index.php\/maestros-anduze\/#primaryimage"},"thumbnailUrl":"https:\/\/ariatango.com\/wp-content\/uploads\/2023\/02\/Jean-Sebastien-Rampazzy-1024x761.jpg","datePublished":"2023-02-27T17:21:39+00:00","dateModified":"2026-02-09T10:22:43+00:00","description":"Les Maestros : Jean S\u00e9bastien RAMPAZZI, danseur & chor\u00e9graphe. Il a chor\u00e9graphi\u00e9 plusieurs spectacles pour sa propre compagnie, cr\u00e9\u00e9e en 2004, avec lesquels il s\u2019est produit \u00e0 la Cit\u00e9 de la Musique et au th\u00e9\u00e2tre de la Bastille, \u00e0 Paris, \u00e0 la Philharmonie de Berlin, \u00e0 l\u2019op\u00e9ra de Varsovie\u2026 Catherine BOUCHER, danseuse & professeure,danseuse subtile, elle allie grande technicit\u00e9 \u00e0 un style unique, gracieux et \u00e9l\u00e9gant. Elle enseigne le tango depuis 2006 et dans son \u00e9cole pr\u00e8s de Versailles depuis 2009.","breadcrumb":{"@id":"https:\/\/ariatango.com\/index.php\/maestros-anduze\/#breadcrumb"},"inLanguage":"fr-FR","potentialAction":[{"@type":"ReadAction","target":["https:\/\/ariatango.com\/index.php\/maestros-anduze\/"]}]},{"@type":"ImageObject","inLanguage":"fr-FR","@id":"https:\/\/ariatango.com\/index.php\/maestros-anduze\/#primaryimage","url":"https:\/\/i0.wp.com\/ariatango.com\/wp-content\/uploads\/2023\/02\/Jean-Sebastien-Rampazzy.jpg?fit=1036%2C770&ssl=1","contentUrl":"https:\/\/i0.wp.com\/ariatango.com\/wp-content\/uploads\/2023\/02\/Jean-Sebastien-Rampazzy.jpg?fit=1036%2C770&ssl=1","width":1036,"height":770},{"@type":"BreadcrumbList","@id":"https:\/\/ariatango.com\/index.php\/maestros-anduze\/#breadcrumb","itemListElement":[{"@type":"ListItem","position":1,"name":"Accueil","item":"https:\/\/ariatango.com\/"},{"@type":"ListItem","position":2,"name":"MAESTROS ANDUZE"}]},{"@type":"WebSite","@id":"https:\/\/ariatango.com\/#website","url":"https:\/\/ariatango.com\/","name":"Aria Tango","description":"info@ariatango.com  -  https:\/\/ariatango.com  - 06 17 67 33 59","publisher":{"@id":"https:\/\/ariatango.com\/#organization"},"potentialAction":[{"@type":"SearchAction","target":{"@type":"EntryPoint","urlTemplate":"https:\/\/ariatango.com\/?s={search_term_string}"},"query-input":{"@type":"PropertyValueSpecification","valueRequired":true,"valueName":"search_term_string"}}],"inLanguage":"fr-FR"},{"@type":"Organization","@id":"https:\/\/ariatango.com\/#organization","name":"Aria Tango","url":"https:\/\/ariatango.com\/","logo":{"@type":"ImageObject","inLanguage":"fr-FR","@id":"https:\/\/ariatango.com\/#\/schema\/logo\/image\/","url":"http:\/\/ariatango.com\/wp-content\/uploads\/2023\/02\/LOGO-ARIA-TANGO.png","contentUrl":"http:\/\/ariatango.com\/wp-content\/uploads\/2023\/02\/LOGO-ARIA-TANGO.png","width":1247,"height":197,"caption":"Aria Tango"},"image":{"@id":"https:\/\/ariatango.com\/#\/schema\/logo\/image\/"}}]}},"featured_image_src":null,"featured_image_src_square":null,"uagb_featured_image_src":{"full":false,"thumbnail":false,"medium":false,"medium_large":false,"large":false,"1536x1536":false,"2048x2048":false,"ab-block-post-grid-landscape":false,"ab-block-post-grid-square":false,"penscratch-featured":false,"penscratch-site-logo":false},"uagb_author_info":{"display_name":"Ariatango412","author_link":"https:\/\/ariatango.com\/index.php\/author\/ariatango412\/"},"uagb_comment_info":0,"uagb_excerpt":"Jean S\u00e9bastien RAMPAZZI, danseur &amp; chor\u00e9graphe En juin 1995, alors qu\u2019il vient tout juste d\u2019\u00eatre dipl\u00f4m\u00e9 d\u2019une Grande \u00e9cole parisienne, Jean-S\u00e9bastien Rampazzi fait ses premiers pas de tango\u2026 Deux ans plus tard il r\u00e9alise une performance \u00e0 la G\u00e9ode (Paris) et il est invit\u00e9 \u00e0 enseigner et \u00e0 se produire \u00e0 Oslo. D\u00e9bute alors une\u2026","jetpack-related-posts":[],"jetpack_sharing_enabled":true,"_links":{"self":[{"href":"https:\/\/ariatango.com\/index.php\/wp-json\/wp\/v2\/pages\/63","targetHints":{"allow":["GET"]}}],"collection":[{"href":"https:\/\/ariatango.com\/index.php\/wp-json\/wp\/v2\/pages"}],"about":[{"href":"https:\/\/ariatango.com\/index.php\/wp-json\/wp\/v2\/types\/page"}],"author":[{"embeddable":true,"href":"https:\/\/ariatango.com\/index.php\/wp-json\/wp\/v2\/users\/1"}],"replies":[{"embeddable":true,"href":"https:\/\/ariatango.com\/index.php\/wp-json\/wp\/v2\/comments?post=63"}],"version-history":[{"count":29,"href":"https:\/\/ariatango.com\/index.php\/wp-json\/wp\/v2\/pages\/63\/revisions"}],"predecessor-version":[{"id":944,"href":"https:\/\/ariatango.com\/index.php\/wp-json\/wp\/v2\/pages\/63\/revisions\/944"}],"wp:attachment":[{"href":"https:\/\/ariatango.com\/index.php\/wp-json\/wp\/v2\/media?parent=63"}],"curies":[{"name":"wp","href":"https:\/\/api.w.org\/{rel}","templated":true}]}}